{"id":3819,"date":"2022-11-06T12:32:32","date_gmt":"2022-11-06T11:32:32","guid":{"rendered":"https:\/\/www.eprojecta.cat\/avis-legal\/"},"modified":"2025-02-24T12:15:08","modified_gmt":"2025-02-24T11:15:08","slug":"avis-legal","status":"publish","type":"page","link":"https:\/\/www.eprojecta.cat\/ca\/avis-legal\/","title":{"rendered":"Avis Legal"},"content":{"rendered":"<p>Per tal de donar compliment a l&#8217;article 10 de la Llei 34\/2002 de Serveis de la Societat de la Informaci\u00f3 i del Comer\u00e7 Electr\u00f2nic, informem als usuaris de les nostres dades:<\/p>\n<p>&nbsp;<\/p>\n<p>Denominaci\u00f3 Social: <strong>PLURAL TECHNICS EPROJECTA, S.L.<\/strong><\/p>\n<p>Domicili Social:<strong> C\/ Miquel Servet (Pol. Ind. Bufalvent), 29 &#8211; 33, Nau 8, 08243, Manresa, Barcelona<\/strong><\/p>\n<p>NIF:<strong>B66572827<\/strong><\/p>\n<p>E-Mail: <strong>administracio@eprojecta.cat<\/strong><\/p>\n<p>Web: <a href=\"http:\/\/www.eprojecta.cat\"><strong>www.eprojecta.cat<\/strong><\/a><\/p>\n<p>Dades Registrals: <strong>Aquesta societat consta inscrita al Registre Mercantil de Barcelona, Volum 44980, Full B473164, Inscripci\u00f3 1\u00aa.<\/strong><\/p>\n<p>&nbsp;<\/p>\n<p><strong>1. OBJECTE<\/strong><\/p>\n<p><strong>PLURAL TECHNICS EPROJECTA, S.L.<\/strong>\u00a0(des d&#8217;ara tamb\u00e9 el prestador) com a responsable del lloc web, posa a disposici\u00f3 dels usuaris el present document, que regula l&#8217;\u00fas del lloc web <strong>www.eprojecta.cat<\/strong>, amb el qual pretenem donar compliment a les obligacions que disposa la Llei 34\/2002, de Serveis de la Societat de la Informaci\u00f3 i del Comer\u00e7 Electr\u00f2nic (LSSICE o LSSI), aix\u00ed com informar a tots els usuaris del lloc web respecte de quines s\u00f3n les condicions d&#8217;\u00fas del lloc web.<\/p>\n<p>A trav\u00e9s del web, <strong>PLURAL TECHNICS EPROJECTA, S.L.<\/strong> facilita als usuaris l&#8217;acc\u00e9s i utilitzaci\u00f3 de diferents serveis i continguts posats a disposici\u00f3 a trav\u00e9s del web.<\/p>\n<p>Tota persona que accedeixi a aquest web assumeix el paper d&#8217;usuari (d\u2019ara en endavant l&#8217;Usuari), i implica l&#8217;acceptaci\u00f3 total i sense reserves de totes i cadascuna de les disposicions incloses en aquest Av\u00eds Legal, aix\u00ed com qualsevol altres disposicions legals que fossin d&#8217;aplicaci\u00f3.<\/p>\n<p>Com a usuaris, han de llegir atentament aquest Av\u00eds Legal en qualsevol de les ocasions que entrin al web perqu\u00e8 aquest pot patir modificacions ja que el prestador es reserva el dret a modificar qualsevol tipus d&#8217;informaci\u00f3 que pogu\u00e9s apar\u00e8ixer al web, sense que hi hagi l&#8217;obligaci\u00f3 de preavisar o posar en coneixement dels usuaris aquestes obligacions, essent suficients la publicaci\u00f3 al lloc web del prestador.<\/p>\n<p>&nbsp;<\/p>\n<p><strong>2. CONDICIONS D\u2019ACC\u00c9S I \u00daS DEL WEB<\/strong><\/p>\n<p><strong>\u00a0<\/strong><\/p>\n<p><strong>2.1. Car\u00e0cter gratu\u00eft de l&#8217;acc\u00e9s i \u00fas del web<\/strong><\/p>\n<p>La prestaci\u00f3 dels serveis per part de <strong>PLURAL TECHNICS EPROJECTA, S.L.<\/strong> t\u00e9 car\u00e0cter gratu\u00eft per a tots els usuaris.<\/p>\n<p>&nbsp;<\/p>\n<p><strong>2.2. Registre d\u2019Usuari<\/strong><\/p>\n<p>Amb car\u00e0cter general la prestaci\u00f3 dels serveis no exigeix la pr\u00e8via subscripci\u00f3 o registre dels Usuaris.<\/p>\n<p>&nbsp;<\/p>\n<p><strong>2.3. Veracitat de la informaci\u00f3<\/strong><\/p>\n<p>Tota la informaci\u00f3 que facilita l&#8217;Usuari ha de ser vera\u00e7. En aquests efectes, l&#8217;Usuari garanteix l&#8217;autenticitat de les dades comunicades a trav\u00e9s dels formularis per a la subscripci\u00f3 dels serveis. Ser\u00e0 responsabilitat de l&#8217;Usuari mantenir tota la informaci\u00f3 facilitada a <strong>PLURAL TECHNICS EPROJECTA, S.L. <\/strong>permanentment actualitzada de manera que respongui, en cada moment, a la seva situaci\u00f3 real. En tot cas, l&#8217;Usuari ser\u00e0 l&#8217;\u00fanic responsable de les manifestacions falses o inexactes que realitzi i dels perjudicis que causi al prestador o a tercers.<\/p>\n<p>&nbsp;<\/p>\n<p><strong>2.4. Menors d\u2019edat<\/strong><\/p>\n<p>Per a l&#8217;\u00fas dels serveis, els menors d&#8217;edat han d&#8217;obtenir sempre pr\u00e8viament el consentiment dels pares, tutors o representants legals, responsables \u00faltims de tots els actes realitzats pels menors al seu c\u00e0rrec. La responsabilitat en la determinaci\u00f3 de continguts concrets als quals accedeixen els menors correspon a aquells, \u00e9s per aix\u00f2 que si accedeixen a continguts no apropiats per Internet, s&#8217;hauran d&#8217;establir en els seus ordinadors mecanismes, en particular programes inform\u00e0tics, filtres i bloquejos, que permetin limitar els continguts disponibles i, tot i que no siguin infal\u00b7libles, s\u00f3n d&#8217;especial utilitat per controlar i restringir els materials als quals poden accedir els menors.<\/p>\n<p>&nbsp;<\/p>\n<p><strong>2.5. Obligaci\u00f3 de fer \u00fas correcte del web<\/strong><\/p>\n<p>L&#8217;Usuari es compromet a utilitzar el web de conformitat amb la Llei i al present Av\u00eds Legal, aix\u00ed com a la moral i als bons costums. En aquest efecte, l&#8217;Usuari s&#8217;abstindr\u00e0 d&#8217;utilitzar la p\u00e0gina amb finalitats il\u00b7l\u00edcites o prohibides, lesives de drets i interessos de tercers, o que de qualsevol forma puguin danyar, inutilitzar, sobrecarregar, deteriorar o impedir la normal utilitzaci\u00f3 d&#8217;equips inform\u00e0tics o documents, arxius i tota classe de continguts emmagatzemats en qualsevol equip inform\u00e0tic del prestador.<\/p>\n<p>&nbsp;<\/p>\n<p>En particular, i a t\u00edtol indicatiu per\u00f2 no exhaustiu, l&#8217;Usuari es compromet a no transmetre, difondre o posar a disposici\u00f3 de tercers informacions, dades, continguts, missatges, gr\u00e0fics, dibuixos, arxius de so o imatge, fotografies, enregistraments, programari i, en general, qualsevol classe de material que:<\/p>\n<ul>\n<li>sigui contr\u00e0ria, menyspre\u00ef o atempti contra els drets fonamentals i les llibertats p\u00fabliques reconegudes constitucionalment, en tractats internacionals i altres normes vigents;<\/li>\n<li>indueixi, inciti o promogui actuacions delictives, denigrants, difamat\u00f2ries, violentes o, en general, contr\u00e0ries a la llei, a la moral i l&#8217;ordre p\u00fablic;<\/li>\n<li>indueixi, inciti o promogui actuacions, actituds o pensaments discriminatoris per ra\u00f3 de sexe, ra\u00e7a, religi\u00f3, creences, edat o condici\u00f3;<\/li>\n<li>sigui contrari al dret a l&#8217;honor, a la intimitat personal o familiar o a la pr\u00f2pia imatge de les persones;<\/li>\n<li>de qualsevol manera perjudiqui la credibilitat del prestador o de tercers; i<\/li>\n<li>constitueixi publicitat il\u00b7l\u00edcita, enganyosa o deslleial.<\/li>\n<\/ul>\n<p><strong>\u00a0<\/strong><\/p>\n<p><strong>3. EXCLUSI\u00d3 DE GARANTIES I RESPONSABILITAT<\/strong><\/p>\n<p>El prestador s&#8217;eximeix de qualsevol tipus de responsabilitat derivada de la informaci\u00f3 publicada al nostre lloc web, sempre que aquesta informaci\u00f3 hagi estat manipulada o introdu\u00efda per un tercer ali\u00e8.<\/p>\n<p>Aquest web ha estat revisat i provat perqu\u00e8 funcioni correctament. En principi, es pot garantir el correcte funcionament els 365 dies de l&#8217;any, 24 hores al dia. No obstant aix\u00f2, el prestador no descarta la possibilitat que existeixin determinats errors de programaci\u00f3, o que succeeixin causes de for\u00e7a major, cat\u00e0strofes naturals, vagues, o circumst\u00e0ncies semblants que facin impossible l&#8217;acc\u00e9s a la p\u00e0gina web.<\/p>\n<p><strong>PLURAL TECHNICS EPROJECTA, S.L. <\/strong>no atorga cap garantia ni es fa responsable, en cap cas, dels danys i perjudicis de qualsevol naturalesa que puguin sortir a col\u00b7laci\u00f3 de la manca de disponibilitat, manteniment i efectiu funcionament del web o dels seus serveis i continguts; de l&#8217;exist\u00e8ncia de virus, programes maliciosos o lesius en els continguts; de l&#8217;\u00fas il\u00b7l\u00edcit, negligent, fraudulent o contrari a aquest Av\u00eds Legal i condicions d&#8217;\u00fas; o de la falta de licitud, qualitat, fiabilitat, utilitat i disponibilitat dels serveis prestats per tercers i posats a disposici\u00f3 dels usuaris al lloc web.<\/p>\n<p>El prestador no es fa responsable en cap concepte dels danys que puguin dimanar de l&#8217;\u00fas il\u00b7legal o indegut de la present p\u00e0gina web.<\/p>\n<p><strong>\u00a0<\/strong><\/p>\n<p><strong>4. COOKIES<\/strong><\/p>\n<p>El lloc web del prestador pot utilitzar cookies (petits arxius d&#8217;informaci\u00f3 que el servidor envia a l&#8217;ordinador de qui accedeix a la p\u00e0gina) per dur a terme determinades funcions que s\u00f3n considerades imprescindibles per al correcte funcionament i visualitzaci\u00f3 del lloc. Les cookies utilitzades tenen, en tot cas, car\u00e0cter temporal, amb l&#8217;\u00fanica finalitat de fer m\u00e9s efica\u00e7 la navegaci\u00f3, i desapareixen en acabar la sessi\u00f3 de l&#8217;usuari. En cap cas s&#8217;utilitzaran les cookies per recollir informaci\u00f3 de car\u00e0cter personal. Per a m\u00e9s informaci\u00f3, veure la nostra <a href=\"https:\/\/www.eprojecta.cat\/ca\/proteccio-dades\/\"><u>Pol\u00edtica de Cookies<\/u><\/a>.<\/p>\n<p><strong><em>\u00a0<\/em><\/strong><\/p>\n<p><strong>5. ENLLA\u00c7OS (<em>LINKS<\/em>)<\/strong><\/p>\n<p>Des del lloc web \u00e9s possible que es redirigeixi a continguts patrocinats, anuncis i\/o enlla\u00e7os d&#8217;afiliats i\/o de terceres webs.<\/p>\n<p>Entre els enlla\u00e7os facilitats, hi ha la possibilitat d&#8217;informar o fer refer\u00e8ncia a productes i\/o serveis de tercers. At\u00e8s que des de la web no podem controlar els continguts introdu\u00efts pels tercers, <strong>PLURAL TECHNICS EPROJECTA, S.L.<\/strong> no assumeix cap tipus de responsabilitat respecte a aquests continguts, ni garanteix l&#8217;experi\u00e8ncia, integritat o qualitat dels seus productes. En tot cas, el prestador manifesta que procedir\u00e0 a la retirada immediata de qualsevol contingut que pogu\u00e9s contravenir la legislaci\u00f3 nacional o internacional, la moral o l&#8217;ordre p\u00fablic, procedint a la retirada immediata de la redirecci\u00f3 a aquestes webs, posant en coneixement de les autoritats competents el contingut en q\u00fcesti\u00f3.<\/p>\n<p><strong>PLURAL TECHNICS EPROJECTA, S.L. <\/strong>tindr\u00e0 publicats aquests enlla\u00e7os fins que siguin eliminats o suspesos pel prestador o per l&#8217;anunciant, i no ser\u00e0 responsable encara que aquests anuncis puguin ser indexats per altres cercadors aliens a aquest web.<\/p>\n<p>El prestador no es responsabilitza de la informaci\u00f3 i continguts emmagatzemats, a t\u00edtol enunciatiu per\u00f2 no limitant, en f\u00f2rums, xats, generadors de blogs, comentaris, xarxes socials o qualsevol altre mitj\u00e0 que permeti a tercers publicar continguts de forma independent a la p\u00e0gina web del prestador. No obstant aix\u00f2 i en compliment del que disposa l&#8217;art. 11 i 16 de la LSSICE, el prestador es posa a disposici\u00f3 de tots els usuaris, autoritats i forces de seguretat, i col\u00b7laborant de forma activa en la retirada o, quan sigui necessari, el bloqueig de tots aquells continguts que puguin afectar o contravenir la legislaci\u00f3 nacional, o internacional, drets de tercers o la moral i l&#8217;ordre p\u00fablic. En cas que l&#8217;usuari consideri que pot existir algun contingut que pogu\u00e9s ser susceptible d&#8217;aquesta classificaci\u00f3, es prega que ho faci saber de forma immediata a l&#8217;administrador del lloc web.<\/p>\n<p>Tanmateix, <strong>PLURAL TECHNICS EPROJECTA, S.L.<\/strong> l&#8217;informa que qualsevol relaci\u00f3 contractual o extracontractual que l&#8217;usuari formalitzi amb aquests tercers, afiliats o anunciants mitjan\u00e7ant el link proporcionat per aquest web, ser\u00e0 v\u00e0lid \u00fanicament i exclusivament entre l&#8217;usuari i l&#8217;anunciant i\/o tercera persona i <strong>PLURAL TECHNICS EPROJECTA, S.L.<\/strong> no tindr\u00e0 cap tipus de responsabilitat sobre els danys o perjudicis que poguessin ser ocasionats per la prestaci\u00f3 de serveis i\/o relacions contractuals o extracontractuals dutes a terme entre l&#8217;usuari i els anunciants o tercers contactades a trav\u00e9s d&#8217;aquest portal ja que el prestador nom\u00e9s actua com a intermediari o mitj\u00e0 publicitari.<\/p>\n<p><strong>\u00a0<\/strong><\/p>\n<p><strong>6. PROTECCI\u00d3 DE DADES PERSONALS<\/strong><\/p>\n<p>El prestador est\u00e0 profundament comprom\u00e8s amb el compliment de la normativa de protecci\u00f3 de dades personals i garanteix el compliment \u00edntegre de les obligacions disposades, aix\u00ed com la implementaci\u00f3 de les mesures de seguretat disposades al Reglament Europeu de Protecci\u00f3 de dades i la normativa espanyola de protecci\u00f3 de dades. Per a m\u00e9s informaci\u00f3, veure la nostra <a href=\"https:\/\/www.eprojecta.cat\/ca\/proteccio-dades\/\"><u>Pol\u00edtica de Privacitat<\/u><\/a><u>.<\/u><\/p>\n<p>&nbsp;<\/p>\n<p><strong>7. PROPIETAT INTEL\u00b7LECTUAL I INDUSTRIAL<\/strong><\/p>\n<p>El lloc web, incloent-hi a t\u00edtol enunciatiu per\u00f2 no limitatiu: la programaci\u00f3, edici\u00f3, compilaci\u00f3 i altres elements necessaris per al seu funcionament, els dissenys, logotips, textos, fotografies i\/o gr\u00e0fics s\u00f3n propietat del prestador o, en cas que fos necessari , disposa de la llic\u00e8ncia o autoritzaci\u00f3 expressa per part dels autors. Tots els continguts del lloc web es troben degudament protegits per la normativa de propietat intel\u00b7lectual i industrial.<\/p>\n<p>Independentment de la finalitat per la qual fossin destinats, la reproducci\u00f3 total o parcial, \u00fas, distribuci\u00f3 i comunicaci\u00f3 p\u00fablica requereixen de l&#8217;autoritzaci\u00f3 escrita pr\u00e8via per part del prestador. Qualsevol \u00fas no autoritzat pr\u00e8viament per part del prestador ser\u00e0 considerat un incompliment greu dels drets de propietat intel\u00b7lectual o industrial de l&#8217;autor.<\/p>\n<p>Els dissenys, logotips, textos i\/o gr\u00e0fics aliens al prestador i que puguin apar\u00e8ixer en el lloc web, pertanyen als seus respectius propietaris, sent ells mateixos responsables de qualsevol possible controv\u00e8rsia que pogu\u00e9s esdevenir respecte als mateixos. En tot cas, el prestador compta amb l&#8217;autoritzaci\u00f3 expressa i pr\u00e8via per part dels mateixos.<\/p>\n<p>El prestador reconeix a favor dels seus titulars els corresponents drets de propietat industrial i intel\u00b7lectual, no implicant la menci\u00f3 o aparici\u00f3 en el lloc web, de l&#8217;exist\u00e8ncia de drets o cap responsabilitat del prestador sobre els mateixos, com tampoc suport, patrocini o recomanaci\u00f3 per part del mateix.<\/p>\n<p>Per realitzar qualsevol tipus d&#8217;observaci\u00f3 respecte a possibles incompliments dels drets de propietat intel\u00b7lectual o industrial, aix\u00ed com sobre qualsevol dels continguts del lloc web, pot fer-ho a trav\u00e9s del correu electr\u00f2nic dalt ressenyat.<\/p>\n<p>&nbsp;<\/p>\n<p><strong>8. LLEI APLICABLE I JURISDICCI\u00d3<\/strong><\/p>\n<p>Per a la resoluci\u00f3 de les controv\u00e8rsies o q\u00fcestions relacionades amb la present p\u00e0gina web o de les activitats en aquesta desenvolupades, ser\u00e0 d&#8217;aplicaci\u00f3 la legislaci\u00f3 espanyola, a la qual se sotmeten expressament les parts, sent competents per a la resoluci\u00f3 de tots els conflictes derivats o relacionats amb el seu \u00fas els Jutjats i Tribunals de Manresa.<\/p>\n","protected":false},"excerpt":{"rendered":"<p>Per tal de donar compliment a l&#8217;article 10 de la Llei 34\/2002 de Serveis de la Societat de la Informaci\u00f3 i del Comer\u00e7 Electr\u00f2nic, informem als usuaris de les nostres dades: &nbsp; Denominaci\u00f3 Social: PLURAL TECHNICS EPROJECTA, S.L. Domicili Social: C\/ Miquel Servet (Pol. Ind. Bufalvent), 29 &#8211; 33, Nau 8, 08243, Manresa, Barcelona NIF:B66572827 [&hellip;]<\/p>\n","protected":false},"author":3,"featured_media":0,"parent":0,"menu_order":0,"comment_status":"closed","ping_status":"closed","template":"","meta":[],"yoast_head":"<!-- This site is optimized with the Yoast SEO plugin v21.8.1 - https:\/\/yoast.com\/wordpress\/plugins\/seo\/ -->\n<title>Avis Legal - Eprojecta<\/title>\n<meta name=\"robots\" content=\"index, follow, max-snippet:-1, max-image-preview:large, max-video-preview:-1\" \/>\n<link rel=\"canonical\" href=\"https:\/\/www.eprojecta.cat\/ca\/avis-legal\/\" \/>\n<meta property=\"og:locale\" content=\"ca_ES\" \/>\n<meta property=\"og:type\" content=\"article\" \/>\n<meta property=\"og:title\" content=\"Avis Legal - Eprojecta\" \/>\n<meta property=\"og:description\" content=\"Per tal de donar compliment a l&#8217;article 10 de la Llei 34\/2002 de Serveis de la Societat de la Informaci\u00f3 i del Comer\u00e7 Electr\u00f2nic, informem als usuaris de les nostres dades: &nbsp; Denominaci\u00f3 Social: PLURAL TECHNICS EPROJECTA, S.L. Domicili Social: C\/ Miquel Servet (Pol. Ind. Bufalvent), 29 &#8211; 33, Nau 8, 08243, Manresa, Barcelona NIF:B66572827 [&hellip;]\" \/>\n<meta property=\"og:url\" content=\"https:\/\/www.eprojecta.cat\/ca\/avis-legal\/\" \/>\n<meta property=\"og:site_name\" content=\"Eprojecta\" \/>\n<meta property=\"article:modified_time\" content=\"2025-02-24T11:15:08+00:00\" \/>\n<meta property=\"og:image\" content=\"https:\/\/www.eprojecta.cat\/wp-content\/uploads\/2019\/04\/xarxes.jpg\" \/>\n\t<meta property=\"og:image:width\" content=\"590\" \/>\n\t<meta property=\"og:image:height\" content=\"590\" \/>\n\t<meta property=\"og:image:type\" content=\"image\/jpeg\" \/>\n<meta name=\"twitter:label1\" content=\"Temps estimat de lectura\" \/>\n\t<meta name=\"twitter:data1\" content=\"9 minuts\" \/>\n<script type=\"application\/ld+json\" class=\"yoast-schema-graph\">{\"@context\":\"https:\/\/schema.org\",\"@graph\":[{\"@type\":\"WebPage\",\"@id\":\"https:\/\/www.eprojecta.cat\/ca\/avis-legal\/\",\"url\":\"https:\/\/www.eprojecta.cat\/ca\/avis-legal\/\",\"name\":\"Avis Legal - Eprojecta\",\"isPartOf\":{\"@id\":\"https:\/\/www.eprojecta.cat\/ca\/#website\"},\"datePublished\":\"2022-11-06T11:32:32+00:00\",\"dateModified\":\"2025-02-24T11:15:08+00:00\",\"breadcrumb\":{\"@id\":\"https:\/\/www.eprojecta.cat\/ca\/avis-legal\/#breadcrumb\"},\"inLanguage\":\"ca\",\"potentialAction\":[{\"@type\":\"ReadAction\",\"target\":[\"https:\/\/www.eprojecta.cat\/ca\/avis-legal\/\"]}]},{\"@type\":\"BreadcrumbList\",\"@id\":\"https:\/\/www.eprojecta.cat\/ca\/avis-legal\/#breadcrumb\",\"itemListElement\":[{\"@type\":\"ListItem\",\"position\":1,\"name\":\"Portada\",\"item\":\"https:\/\/www.eprojecta.cat\/ca\/\"},{\"@type\":\"ListItem\",\"position\":2,\"name\":\"Avis Legal\"}]},{\"@type\":\"WebSite\",\"@id\":\"https:\/\/www.eprojecta.cat\/ca\/#website\",\"url\":\"https:\/\/www.eprojecta.cat\/ca\/\",\"name\":\"Eprojecta\",\"description\":\"Enginyeria t\u00e8cnica\",\"publisher\":{\"@id\":\"https:\/\/www.eprojecta.cat\/ca\/#organization\"},\"potentialAction\":[{\"@type\":\"SearchAction\",\"target\":{\"@type\":\"EntryPoint\",\"urlTemplate\":\"https:\/\/www.eprojecta.cat\/ca\/?s={search_term_string}\"},\"query-input\":\"required name=search_term_string\"}],\"inLanguage\":\"ca\"},{\"@type\":\"Organization\",\"@id\":\"https:\/\/www.eprojecta.cat\/ca\/#organization\",\"name\":\"Plural Technics EProjecta\",\"url\":\"https:\/\/www.eprojecta.cat\/ca\/\",\"logo\":{\"@type\":\"ImageObject\",\"inLanguage\":\"ca\",\"@id\":\"https:\/\/www.eprojecta.cat\/ca\/#\/schema\/logo\/image\/\",\"url\":\"https:\/\/www.eprojecta.cat\/wp-content\/uploads\/2019\/04\/xarxes.jpg\",\"contentUrl\":\"https:\/\/www.eprojecta.cat\/wp-content\/uploads\/2019\/04\/xarxes.jpg\",\"width\":590,\"height\":590,\"caption\":\"Plural Technics EProjecta\"},\"image\":{\"@id\":\"https:\/\/www.eprojecta.cat\/ca\/#\/schema\/logo\/image\/\"},\"sameAs\":[\"https:\/\/www.instagram.com\/eprojecta\/\"]}]}<\/script>\n<!-- \/ Yoast SEO plugin. -->","yoast_head_json":{"title":"Avis Legal - Eprojecta","robots":{"index":"index","follow":"follow","max-snippet":"max-snippet:-1","max-image-preview":"max-image-preview:large","max-video-preview":"max-video-preview:-1"},"canonical":"https:\/\/www.eprojecta.cat\/ca\/avis-legal\/","og_locale":"ca_ES","og_type":"article","og_title":"Avis Legal - Eprojecta","og_description":"Per tal de donar compliment a l&#8217;article 10 de la Llei 34\/2002 de Serveis de la Societat de la Informaci\u00f3 i del Comer\u00e7 Electr\u00f2nic, informem als usuaris de les nostres dades: &nbsp; Denominaci\u00f3 Social: PLURAL TECHNICS EPROJECTA, S.L. Domicili Social: C\/ Miquel Servet (Pol. Ind. Bufalvent), 29 &#8211; 33, Nau 8, 08243, Manresa, Barcelona NIF:B66572827 [&hellip;]","og_url":"https:\/\/www.eprojecta.cat\/ca\/avis-legal\/","og_site_name":"Eprojecta","article_modified_time":"2025-02-24T11:15:08+00:00","og_image":[{"width":590,"height":590,"url":"https:\/\/www.eprojecta.cat\/wp-content\/uploads\/2019\/04\/xarxes.jpg","type":"image\/jpeg"}],"twitter_misc":{"Temps estimat de lectura":"9 minuts"},"schema":{"@context":"https:\/\/schema.org","@graph":[{"@type":"WebPage","@id":"https:\/\/www.eprojecta.cat\/ca\/avis-legal\/","url":"https:\/\/www.eprojecta.cat\/ca\/avis-legal\/","name":"Avis Legal - Eprojecta","isPartOf":{"@id":"https:\/\/www.eprojecta.cat\/ca\/#website"},"datePublished":"2022-11-06T11:32:32+00:00","dateModified":"2025-02-24T11:15:08+00:00","breadcrumb":{"@id":"https:\/\/www.eprojecta.cat\/ca\/avis-legal\/#breadcrumb"},"inLanguage":"ca","potentialAction":[{"@type":"ReadAction","target":["https:\/\/www.eprojecta.cat\/ca\/avis-legal\/"]}]},{"@type":"BreadcrumbList","@id":"https:\/\/www.eprojecta.cat\/ca\/avis-legal\/#breadcrumb","itemListElement":[{"@type":"ListItem","position":1,"name":"Portada","item":"https:\/\/www.eprojecta.cat\/ca\/"},{"@type":"ListItem","position":2,"name":"Avis Legal"}]},{"@type":"WebSite","@id":"https:\/\/www.eprojecta.cat\/ca\/#website","url":"https:\/\/www.eprojecta.cat\/ca\/","name":"Eprojecta","description":"Enginyeria t\u00e8cnica","publisher":{"@id":"https:\/\/www.eprojecta.cat\/ca\/#organization"},"potentialAction":[{"@type":"SearchAction","target":{"@type":"EntryPoint","urlTemplate":"https:\/\/www.eprojecta.cat\/ca\/?s={search_term_string}"},"query-input":"required name=search_term_string"}],"inLanguage":"ca"},{"@type":"Organization","@id":"https:\/\/www.eprojecta.cat\/ca\/#organization","name":"Plural Technics EProjecta","url":"https:\/\/www.eprojecta.cat\/ca\/","logo":{"@type":"ImageObject","inLanguage":"ca","@id":"https:\/\/www.eprojecta.cat\/ca\/#\/schema\/logo\/image\/","url":"https:\/\/www.eprojecta.cat\/wp-content\/uploads\/2019\/04\/xarxes.jpg","contentUrl":"https:\/\/www.eprojecta.cat\/wp-content\/uploads\/2019\/04\/xarxes.jpg","width":590,"height":590,"caption":"Plural Technics EProjecta"},"image":{"@id":"https:\/\/www.eprojecta.cat\/ca\/#\/schema\/logo\/image\/"},"sameAs":["https:\/\/www.instagram.com\/eprojecta\/"]}]}},"_links":{"self":[{"href":"https:\/\/www.eprojecta.cat\/ca\/wp-json\/wp\/v2\/pages\/3819"}],"collection":[{"href":"https:\/\/www.eprojecta.cat\/ca\/wp-json\/wp\/v2\/pages"}],"about":[{"href":"https:\/\/www.eprojecta.cat\/ca\/wp-json\/wp\/v2\/types\/page"}],"author":[{"embeddable":true,"href":"https:\/\/www.eprojecta.cat\/ca\/wp-json\/wp\/v2\/users\/3"}],"replies":[{"embeddable":true,"href":"https:\/\/www.eprojecta.cat\/ca\/wp-json\/wp\/v2\/comments?post=3819"}],"version-history":[{"count":2,"href":"https:\/\/www.eprojecta.cat\/ca\/wp-json\/wp\/v2\/pages\/3819\/revisions"}],"predecessor-version":[{"id":4657,"href":"https:\/\/www.eprojecta.cat\/ca\/wp-json\/wp\/v2\/pages\/3819\/revisions\/4657"}],"wp:attachment":[{"href":"https:\/\/www.eprojecta.cat\/ca\/wp-json\/wp\/v2\/media?parent=3819"}],"curies":[{"name":"wp","href":"https:\/\/api.w.org\/{rel}","templated":true}]}}