{"id":552,"date":"2015-02-04T12:39:58","date_gmt":"2015-02-04T11:39:58","guid":{"rendered":"http:\/\/thevelop.com\/eprojecta\/?page_id=552"},"modified":"2015-12-26T13:21:38","modified_gmt":"2015-12-26T12:21:38","slug":"arquitectura-tecnica","status":"publish","type":"page","link":"https:\/\/www.eprojecta.cat\/ca\/arquitectura-tecnica\/","title":{"rendered":"Arquitectura t\u00e8cnica"},"content":{"rendered":"<p>&nbsp;<\/p>\n<div class=\"responsive-video transition-medium\"><iframe data-src=\"\/\/player.vimeo.com\/video\/86457968?title=0&amp;byline=0&amp;portrait=0\" seamless allowFullScreen frameborder=\"0\"><\/iframe><\/div>\n<ul class='acordeon'>\n<li class='gdl-divider transition-medium'><h3 class='accordion-head title-color gdl-title'><span class='accordion-head-image transition-medium'><\/span>Proyectos de instalaciones<\/h3><div class='accordion-content'>&#8220;Lorem ipsum dolor sit amet, consectetur adipiscing elit, sed do eiusmod tempor incididunt ut labore et dolore magna aliqua. Ut enim ad minim veniam, quis nostrud exercitation ullamco laboris nisi ut aliquip ex ea commodo consequat. Duis aute irure dolor in reprehenderit in voluptate velit esse cillum dolore eu fugiat nulla pariatur. Excepteur sint occaecat cupidatat non proident, sunt in culpa qui officia deserunt mollit anim id est laborum.&#8221;<\/p>\n<div class=\"responsive-video transition-medium\"><iframe data-src=\"\/\/player.vimeo.com\/video\/9679622?title=0&amp;byline=0&amp;portrait=0\" seamless allowFullScreen frameborder=\"0\"><\/iframe><\/div>\n<p><\/div><\/li><br \/>\n<li class='gdl-divider transition-medium'><h3 class='accordion-head title-color gdl-title'><span class='accordion-head-image transition-medium'><\/span>Proyectos industriales y comerciales<\/h3><div class='accordion-content'>&#8220;Lorem ipsum dolor sit amet, consectetur adipiscing elit, sed do eiusmod tempor incididunt ut labore et dolore magna aliqua. Ut enim ad minim veniam, quis nostrud exercitation ullamco laboris nisi ut aliquip ex ea commodo consequat. Duis aute irure dolor in reprehenderit in voluptate velit esse cillum dolore eu fugiat nulla pariatur. Excepteur sint occaecat cupidatat non proident, sunt in culpa qui officia deserunt mollit anim id est laborum.&#8221;<\/div><\/li><br \/>\n<li class='gdl-divider transition-medium'><h3 class='accordion-head title-color gdl-title'><span class='accordion-head-image transition-medium'><\/span>Construcci\u00f3n de naves industriales<\/h3><div class='accordion-content'>&#8220;Lorem ipsum dolor sit amet, consectetur adipiscing elit, sed do eiusmod tempor incididunt ut labore et dolore magna aliqua. Ut enim ad minim veniam, quis nostrud exercitation ullamco laboris nisi ut aliquip ex ea commodo consequat. Duis aute irure dolor in reprehenderit in voluptate velit esse cillum dolore eu fugiat nulla pariatur. Excepteur sint occaecat cupidatat non proident, sunt in culpa qui officia deserunt mollit anim id est laborum.&#8221;<\/div><\/li><br \/>\n<li class='gdl-divider transition-medium'><h3 class='accordion-head title-color gdl-title'><span class='accordion-head-image transition-medium'><\/span>Asesor\u00eda y direcci\u00f3n de obra<\/h3><div class='accordion-content'>&#8220;Lorem ipsum dolor sit amet, consectetur adipiscing elit, sed do eiusmod tempor incididunt ut labore et dolore magna aliqua. Ut enim ad minim veniam, quis nostrud exercitation ullamco laboris nisi ut aliquip ex ea commodo consequat. Duis aute irure dolor in reprehenderit in voluptate velit esse cillum dolore eu fugiat nulla pariatur. Excepteur sint occaecat cupidatat non proident, sunt in culpa qui officia deserunt mollit anim id est laborum.&#8221;<\/div><\/li><br \/>\n<li class='gdl-divider transition-medium'><h3 class='accordion-head title-color gdl-title'><span class='accordion-head-image transition-medium'><\/span>Apertura de negocios<\/h3><div class='accordion-content'>&#8220;Lorem ipsum dolor sit amet, consectetur adipiscing elit, sed do eiusmod tempor incididunt ut labore et dolore magna aliqua. Ut enim ad minim veniam, quis nostrud exercitation ullamco laboris nisi ut aliquip ex ea commodo consequat. Duis aute irure dolor in reprehenderit in voluptate velit esse cillum dolore eu fugiat nulla pariatur. Excepteur sint occaecat cupidatat non proident, sunt in culpa qui officia deserunt mollit anim id est laborum.&#8221;<\/div><\/li><br \/>\n<li class='gdl-divider transition-medium'><h3 class='accordion-head title-color gdl-title'><span class='accordion-head-image transition-medium'><\/span>Valoraciones, peritajes y taxaciones<\/h3><div class='accordion-content'>&#8220;Lorem ipsum dolor sit amet, consectetur adipiscing elit, sed do eiusmod tempor incididunt ut labore et dolore magna aliqua. Ut enim ad minim veniam, quis nostrud exercitation ullamco laboris nisi ut aliquip ex ea commodo consequat. Duis aute irure dolor in reprehenderit in voluptate velit esse cillum dolore eu fugiat nulla pariatur. Excepteur sint occaecat cupidatat non proident, sunt in culpa qui officia deserunt mollit anim id est laborum.&#8221;<\/div><\/li><br \/>\n<li class='gdl-divider transition-medium'><h3 class='accordion-head title-color gdl-title'><span class='accordion-head-image transition-medium'><\/span>Arquitectura t\u00e9cnica<\/h3><div class='accordion-content'>&#8220;Lorem ipsum dolor sit amet, consectetur adipiscing elit, sed do eiusmod tempor incididunt ut labore et dolore magna aliqua. Ut enim ad minim veniam, quis nostrud exercitation ullamco laboris nisi ut aliquip ex ea commodo consequat. Duis aute irure dolor in reprehenderit in voluptate velit esse cillum dolore eu fugiat nulla pariatur. Excepteur sint occaecat cupidatat non proident, sunt in culpa qui officia deserunt mollit anim id est laborum.&#8221;<\/div><\/li>\n<\/ul>\n<p>&nbsp;<\/p>\n<div class=\"responsive-video transition-medium\"><iframe data-src=\"\/\/player.vimeo.com\/video\/86457968?title=0&amp;byline=0&amp;portrait=0\" seamless allowFullScreen frameborder=\"0\"><\/iframe><\/div>\n","protected":false},"excerpt":{"rendered":"<p>&nbsp; &nbsp;<\/p>\n","protected":false},"author":1,"featured_media":0,"parent":0,"menu_order":0,"comment_status":"open","ping_status":"open","template":"ingenieria.php","meta":[],"yoast_head":"<!-- This site is optimized with the Yoast SEO plugin v21.8.1 - https:\/\/yoast.com\/wordpress\/plugins\/seo\/ -->\n<title>arquitectura t\u00e8cnica<\/title>\n<meta name=\"description\" content=\"arquitectura t\u00e8cnica, c\u00e8dules habitabilitat, certificats energ\u00e8tics, obres majors, obres menors, ajuntament, industrials, inspeccions t\u00e8cniques edificis ITE\" \/>\n<meta name=\"robots\" content=\"index, follow, max-snippet:-1, max-image-preview:large, max-video-preview:-1\" \/>\n<link rel=\"canonical\" href=\"https:\/\/www.eprojecta.cat\/ca\/arquitectura-tecnica\/\" \/>\n<meta property=\"og:locale\" content=\"ca_ES\" \/>\n<meta property=\"og:type\" content=\"article\" \/>\n<meta property=\"og:title\" content=\"arquitectura t\u00e8cnica\" \/>\n<meta property=\"og:description\" content=\"arquitectura t\u00e8cnica, c\u00e8dules habitabilitat, certificats energ\u00e8tics, obres majors, obres menors, ajuntament, industrials, inspeccions t\u00e8cniques edificis ITE\" \/>\n<meta property=\"og:url\" content=\"https:\/\/www.eprojecta.cat\/ca\/arquitectura-tecnica\/\" \/>\n<meta property=\"og:site_name\" content=\"Eprojecta\" \/>\n<meta property=\"article:modified_time\" content=\"2015-12-26T12:21:38+00:00\" \/>\n<meta property=\"og:image\" content=\"https:\/\/www.eprojecta.cat\/wp-content\/uploads\/2019\/04\/xarxes.jpg\" \/>\n\t<meta property=\"og:image:width\" content=\"590\" \/>\n\t<meta property=\"og:image:height\" content=\"590\" \/>\n\t<meta property=\"og:image:type\" content=\"image\/jpeg\" \/>\n<meta name=\"twitter:label1\" content=\"Temps estimat de lectura\" \/>\n\t<meta name=\"twitter:data1\" content=\"3 minuts\" \/>\n<script type=\"application\/ld+json\" class=\"yoast-schema-graph\">{\"@context\":\"https:\/\/schema.org\",\"@graph\":[{\"@type\":\"WebPage\",\"@id\":\"https:\/\/www.eprojecta.cat\/ca\/arquitectura-tecnica\/\",\"url\":\"https:\/\/www.eprojecta.cat\/ca\/arquitectura-tecnica\/\",\"name\":\"arquitectura t\u00e8cnica\",\"isPartOf\":{\"@id\":\"https:\/\/www.eprojecta.cat\/ca\/#website\"},\"datePublished\":\"2015-02-04T11:39:58+00:00\",\"dateModified\":\"2015-12-26T12:21:38+00:00\",\"description\":\"arquitectura t\u00e8cnica, c\u00e8dules habitabilitat, certificats energ\u00e8tics, obres majors, obres menors, ajuntament, industrials, inspeccions t\u00e8cniques edificis ITE\",\"breadcrumb\":{\"@id\":\"https:\/\/www.eprojecta.cat\/ca\/arquitectura-tecnica\/#breadcrumb\"},\"inLanguage\":\"ca\",\"potentialAction\":[{\"@type\":\"ReadAction\",\"target\":[\"https:\/\/www.eprojecta.cat\/ca\/arquitectura-tecnica\/\"]}]},{\"@type\":\"BreadcrumbList\",\"@id\":\"https:\/\/www.eprojecta.cat\/ca\/arquitectura-tecnica\/#breadcrumb\",\"itemListElement\":[{\"@type\":\"ListItem\",\"position\":1,\"name\":\"Portada\",\"item\":\"https:\/\/www.eprojecta.cat\/ca\/\"},{\"@type\":\"ListItem\",\"position\":2,\"name\":\"Arquitectura t\u00e8cnica\"}]},{\"@type\":\"WebSite\",\"@id\":\"https:\/\/www.eprojecta.cat\/ca\/#website\",\"url\":\"https:\/\/www.eprojecta.cat\/ca\/\",\"name\":\"Eprojecta\",\"description\":\"Enginyeria t\u00e8cnica\",\"publisher\":{\"@id\":\"https:\/\/www.eprojecta.cat\/ca\/#organization\"},\"potentialAction\":[{\"@type\":\"SearchAction\",\"target\":{\"@type\":\"EntryPoint\",\"urlTemplate\":\"https:\/\/www.eprojecta.cat\/ca\/?s={search_term_string}\"},\"query-input\":\"required name=search_term_string\"}],\"inLanguage\":\"ca\"},{\"@type\":\"Organization\",\"@id\":\"https:\/\/www.eprojecta.cat\/ca\/#organization\",\"name\":\"Plural Technics EProjecta\",\"url\":\"https:\/\/www.eprojecta.cat\/ca\/\",\"logo\":{\"@type\":\"ImageObject\",\"inLanguage\":\"ca\",\"@id\":\"https:\/\/www.eprojecta.cat\/ca\/#\/schema\/logo\/image\/\",\"url\":\"https:\/\/www.eprojecta.cat\/wp-content\/uploads\/2019\/04\/xarxes.jpg\",\"contentUrl\":\"https:\/\/www.eprojecta.cat\/wp-content\/uploads\/2019\/04\/xarxes.jpg\",\"width\":590,\"height\":590,\"caption\":\"Plural Technics EProjecta\"},\"image\":{\"@id\":\"https:\/\/www.eprojecta.cat\/ca\/#\/schema\/logo\/image\/\"},\"sameAs\":[\"https:\/\/www.instagram.com\/eprojecta\/\"]}]}<\/script>\n<!-- \/ Yoast SEO plugin. -->","yoast_head_json":{"title":"arquitectura t\u00e8cnica","description":"arquitectura t\u00e8cnica, c\u00e8dules habitabilitat, certificats energ\u00e8tics, obres majors, obres menors, ajuntament, industrials, inspeccions t\u00e8cniques edificis ITE","robots":{"index":"index","follow":"follow","max-snippet":"max-snippet:-1","max-image-preview":"max-image-preview:large","max-video-preview":"max-video-preview:-1"},"canonical":"https:\/\/www.eprojecta.cat\/ca\/arquitectura-tecnica\/","og_locale":"ca_ES","og_type":"article","og_title":"arquitectura t\u00e8cnica","og_description":"arquitectura t\u00e8cnica, c\u00e8dules habitabilitat, certificats energ\u00e8tics, obres majors, obres menors, ajuntament, industrials, inspeccions t\u00e8cniques edificis ITE","og_url":"https:\/\/www.eprojecta.cat\/ca\/arquitectura-tecnica\/","og_site_name":"Eprojecta","article_modified_time":"2015-12-26T12:21:38+00:00","og_image":[{"width":590,"height":590,"url":"https:\/\/www.eprojecta.cat\/wp-content\/uploads\/2019\/04\/xarxes.jpg","type":"image\/jpeg"}],"twitter_misc":{"Temps estimat de lectura":"3 minuts"},"schema":{"@context":"https:\/\/schema.org","@graph":[{"@type":"WebPage","@id":"https:\/\/www.eprojecta.cat\/ca\/arquitectura-tecnica\/","url":"https:\/\/www.eprojecta.cat\/ca\/arquitectura-tecnica\/","name":"arquitectura t\u00e8cnica","isPartOf":{"@id":"https:\/\/www.eprojecta.cat\/ca\/#website"},"datePublished":"2015-02-04T11:39:58+00:00","dateModified":"2015-12-26T12:21:38+00:00","description":"arquitectura t\u00e8cnica, c\u00e8dules habitabilitat, certificats energ\u00e8tics, obres majors, obres menors, ajuntament, industrials, inspeccions t\u00e8cniques edificis ITE","breadcrumb":{"@id":"https:\/\/www.eprojecta.cat\/ca\/arquitectura-tecnica\/#breadcrumb"},"inLanguage":"ca","potentialAction":[{"@type":"ReadAction","target":["https:\/\/www.eprojecta.cat\/ca\/arquitectura-tecnica\/"]}]},{"@type":"BreadcrumbList","@id":"https:\/\/www.eprojecta.cat\/ca\/arquitectura-tecnica\/#breadcrumb","itemListElement":[{"@type":"ListItem","position":1,"name":"Portada","item":"https:\/\/www.eprojecta.cat\/ca\/"},{"@type":"ListItem","position":2,"name":"Arquitectura t\u00e8cnica"}]},{"@type":"WebSite","@id":"https:\/\/www.eprojecta.cat\/ca\/#website","url":"https:\/\/www.eprojecta.cat\/ca\/","name":"Eprojecta","description":"Enginyeria t\u00e8cnica","publisher":{"@id":"https:\/\/www.eprojecta.cat\/ca\/#organization"},"potentialAction":[{"@type":"SearchAction","target":{"@type":"EntryPoint","urlTemplate":"https:\/\/www.eprojecta.cat\/ca\/?s={search_term_string}"},"query-input":"required name=search_term_string"}],"inLanguage":"ca"},{"@type":"Organization","@id":"https:\/\/www.eprojecta.cat\/ca\/#organization","name":"Plural Technics EProjecta","url":"https:\/\/www.eprojecta.cat\/ca\/","logo":{"@type":"ImageObject","inLanguage":"ca","@id":"https:\/\/www.eprojecta.cat\/ca\/#\/schema\/logo\/image\/","url":"https:\/\/www.eprojecta.cat\/wp-content\/uploads\/2019\/04\/xarxes.jpg","contentUrl":"https:\/\/www.eprojecta.cat\/wp-content\/uploads\/2019\/04\/xarxes.jpg","width":590,"height":590,"caption":"Plural Technics EProjecta"},"image":{"@id":"https:\/\/www.eprojecta.cat\/ca\/#\/schema\/logo\/image\/"},"sameAs":["https:\/\/www.instagram.com\/eprojecta\/"]}]}},"_links":{"self":[{"href":"https:\/\/www.eprojecta.cat\/ca\/wp-json\/wp\/v2\/pages\/552"}],"collection":[{"href":"https:\/\/www.eprojecta.cat\/ca\/wp-json\/wp\/v2\/pages"}],"about":[{"href":"https:\/\/www.eprojecta.cat\/ca\/wp-json\/wp\/v2\/types\/page"}],"author":[{"embeddable":true,"href":"https:\/\/www.eprojecta.cat\/ca\/wp-json\/wp\/v2\/users\/1"}],"replies":[{"embeddable":true,"href":"https:\/\/www.eprojecta.cat\/ca\/wp-json\/wp\/v2\/comments?post=552"}],"version-history":[{"count":0,"href":"https:\/\/www.eprojecta.cat\/ca\/wp-json\/wp\/v2\/pages\/552\/revisions"}],"wp:attachment":[{"href":"https:\/\/www.eprojecta.cat\/ca\/wp-json\/wp\/v2\/media?parent=552"}],"curies":[{"name":"wp","href":"https:\/\/api.w.org\/{rel}","templated":true}]}}