{"id":580,"date":"2015-02-04T12:43:06","date_gmt":"2015-02-04T11:43:06","guid":{"rendered":"http:\/\/thevelop.com\/eprojecta\/?page_id=580"},"modified":"2025-03-31T15:01:24","modified_gmt":"2025-03-31T13:01:24","slug":"enginyeria","status":"publish","type":"page","link":"https:\/\/www.eprojecta.cat\/ca\/enginyeria\/","title":{"rendered":"Enginyeria"},"content":{"rendered":"<ul class='acordeon'>\n<li class='gdl-divider transition-medium'><h3 class='accordion-head title-color gdl-title'><span class='accordion-head-image transition-medium'><\/span>Projectes d'instal\u00b7lacions<\/h3><div class='accordion-content'><\/p>\n<ol>\n<li>Projectes de calefacci\u00f3 (edificis o locals)<\/li>\n<li>Projectes el\u00e8ctrics<\/li>\n<li>Projectes el\u00e8ctrics per a instal\u00b7lacions provisionals d&#8217;obra<\/li>\n<li>Projectes d&#8217;instal\u00b7lacions de gas prop\u00e0<\/li>\n<li>Projectes d&#8217;instal\u00b7lacions de gas natural<\/li>\n<li>Emmagatzematge de productes qu\u00edmics i petrol\u00edfers<\/li>\n<li>Petrol\u00edfers per a \u00fas propi<\/li>\n<li>Aparells a pressi\u00f3<\/li>\n<li>Instal\u00b7lacions contra incendis<\/li>\n<li>Instal\u00b7lacions frigor\u00edfiques<\/li>\n<li>Projectes de plaques solars fotovoltaiques<\/li>\n<\/ol>\n<p><\/div><\/li><br \/>\n<li class='gdl-divider transition-medium'><h3 class='accordion-head title-color gdl-title'><span class='accordion-head-image transition-medium'><\/span>Projectes industrials i comercials<\/h3><div class='accordion-content'><\/p>\n<ol>\n<li>Legalitzacions municipals d&#8217;activitats<\/li>\n<li>Avaluacions ambientals<\/li>\n<li>Locals de p\u00fablica concurr\u00e8ncia<\/li>\n<li>Projectes d&#8217;obres<\/li>\n<li>Direcci\u00f3 d&#8217;obres<\/li>\n<li>Magatzems, tallers<\/li>\n<li>Aparcaments<\/li>\n<li>Comer\u00e7os<\/li>\n<\/ol>\n<p><\/div><\/li><br \/>\n<li class='gdl-divider transition-medium'><h3 class='accordion-head title-color gdl-title'><span class='accordion-head-image transition-medium'><\/span>Construcci\u00f3 de naus industrials<\/h3><div class='accordion-content'><\/p>\n<ol>\n<li>Projecte de construcci\u00f3 de naus industrials a mida<\/li>\n<li>Assessorament segons necessitats de client<\/li>\n<li>Direcci\u00f3 t\u00e8cnica<\/li>\n<li>Execuci\u00f3 integral d&#8217;obres i instal\u00b7lacions (claus en m\u00e0)<\/li>\n<\/ol>\n<p><\/div><\/li><br \/>\n<li class='gdl-divider transition-medium'><h3 class='accordion-head title-color gdl-title'><span class='accordion-head-image transition-medium'><\/span>Assessoria i direcci\u00f3 d'obra<\/h3><div class='accordion-content'><\/p>\n<ol>\n<li>Normatives aplicables a cada cas i actuacions conseq\u00fcents<\/li>\n<li>Definici\u00f3 de necessitats del client<\/li>\n<li>Realitzaci\u00f3 de les gestions per llic\u00e8ncies i permisos<\/li>\n<li>Selecci\u00f3 d&#8217;industrials i presentaci\u00f3 d&#8217;ofertes<\/li>\n<li>Execuci\u00f3 d&#8217;obres (coordinaci\u00f3 dels industrials i control d&#8217;execuci\u00f3 dels mateixos)<\/li>\n<li>Lliurament d&#8217;obra a client<\/li>\n<\/ol>\n<p><\/div><\/li><br \/>\n<li class='gdl-divider transition-medium'><h3 class='accordion-head title-color gdl-title'><span class='accordion-head-image transition-medium'><\/span>Obertura de negocis<\/h3><div class='accordion-content'><\/p>\n<ol>\n<li>Disseny de distribuci\u00f3 del local<\/li>\n<li>Direcci\u00f3 d&#8217;obra amb supervisi\u00f3 de: Tr\u00e0mits i permisos, Pressupostos dels industrials, Execuci\u00f3 de les instal\u00b7lacions, Acabats (sostres, terres, llums, fusteria&#8230;), Mobiliari i Cartells\u2063.\/li>\n<li>Obertura de nova activitat<\/li>\n<li>Annex I, II i III<\/li>\n<li>Annex IV<\/li>\n<li>Trasllat d&#8217;activitat o canvi de titularitat<\/li>\n<li>Ampliaci\u00f3 d&#8217;activitat<\/li>\n<li>Modificaci\u00f3 substancial d&#8217;activitat<\/li>\n<li>etc.<\/li>\n<\/ol>\n<p><\/div><\/li><br \/>\n<li class='gdl-divider transition-medium'><h3 class='accordion-head title-color gdl-title'><span class='accordion-head-image transition-medium'><\/span>Valoracions, peritatges i taxacions<\/h3><div class='accordion-content'><\/p>\n<ol>\n<li>Diagn\u00f2stic i informes t\u00e8cnics<\/li>\n<li>Valoracions d&#8217;instal\u00b7lacions<\/li>\n<li>Peritatges econ\u00f2mics<\/li>\n<li>Taxacions<\/li>\n<\/ol>\n<p><\/div><\/li><br \/>\n<li class='gdl-divider transition-medium'><h3 class='accordion-head title-color gdl-title'><span class='accordion-head-image transition-medium'><\/span>Arquitectura t\u00e8cnica<\/h3><div class='accordion-content'><\/p>\n<ol>\n<li>C\u00e8dules d&#8217;habitabilitat<\/li>\n<li>Peritatges i taxacions<\/li>\n<li>Obtenci\u00f3 de permisos d&#8217;obres<\/li>\n<li>Disseny i realitzaci\u00f3 de projectes d&#8217;obres d&#8217;\u00fas residencial i comercial<\/li>\n<li>Disseny d&#8217;espais<\/li>\n<li>Rehabilitaci\u00f3, ampliaci\u00f3 o reforma<\/li>\n<li>Projectes d&#8217;enderrocs. Desconstrucci\u00f3<\/li>\n<li>Urbanitzacions i parcel\u00b7lacions<\/li>\n<li>Refor\u00e7 i consolidaci\u00f3 estructural<\/li>\n<li>Restauraci\u00f3, reconstruccions i solucions de patologies de qualsevol naturalesa<\/li>\n<li>Projectes de bastides<\/li>\n<\/ol>\n<p><\/div><\/li>\n<\/ul>\n","protected":false},"excerpt":{"rendered":"","protected":false},"author":1,"featured_media":0,"parent":0,"menu_order":0,"comment_status":"open","ping_status":"open","template":"ingenieria.php","meta":[],"yoast_head":"<!-- This site is optimized with the Yoast SEO plugin v21.8.1 - https:\/\/yoast.com\/wordpress\/plugins\/seo\/ -->\n<title>Enginyeria - Eprojecta<\/title>\n<meta name=\"robots\" content=\"index, follow, max-snippet:-1, max-image-preview:large, max-video-preview:-1\" \/>\n<link rel=\"canonical\" href=\"https:\/\/www.eprojecta.cat\/ca\/enginyeria\/\" \/>\n<meta property=\"og:locale\" content=\"ca_ES\" \/>\n<meta property=\"og:type\" content=\"article\" \/>\n<meta property=\"og:title\" content=\"Enginyeria - Eprojecta\" \/>\n<meta property=\"og:url\" content=\"https:\/\/www.eprojecta.cat\/ca\/enginyeria\/\" \/>\n<meta property=\"og:site_name\" content=\"Eprojecta\" \/>\n<meta property=\"article:modified_time\" content=\"2025-03-31T13:01:24+00:00\" \/>\n<meta property=\"og:image\" content=\"https:\/\/www.eprojecta.cat\/wp-content\/uploads\/2019\/04\/xarxes.jpg\" \/>\n\t<meta property=\"og:image:width\" content=\"590\" \/>\n\t<meta property=\"og:image:height\" content=\"590\" \/>\n\t<meta property=\"og:image:type\" content=\"image\/jpeg\" \/>\n<meta name=\"twitter:label1\" content=\"Temps estimat de lectura\" \/>\n\t<meta name=\"twitter:data1\" content=\"2 minuts\" \/>\n<script type=\"application\/ld+json\" class=\"yoast-schema-graph\">{\"@context\":\"https:\/\/schema.org\",\"@graph\":[{\"@type\":\"WebPage\",\"@id\":\"https:\/\/www.eprojecta.cat\/ca\/enginyeria\/\",\"url\":\"https:\/\/www.eprojecta.cat\/ca\/enginyeria\/\",\"name\":\"Enginyeria - Eprojecta\",\"isPartOf\":{\"@id\":\"https:\/\/www.eprojecta.cat\/ca\/#website\"},\"datePublished\":\"2015-02-04T11:43:06+00:00\",\"dateModified\":\"2025-03-31T13:01:24+00:00\",\"breadcrumb\":{\"@id\":\"https:\/\/www.eprojecta.cat\/ca\/enginyeria\/#breadcrumb\"},\"inLanguage\":\"ca\",\"potentialAction\":[{\"@type\":\"ReadAction\",\"target\":[\"https:\/\/www.eprojecta.cat\/ca\/enginyeria\/\"]}]},{\"@type\":\"BreadcrumbList\",\"@id\":\"https:\/\/www.eprojecta.cat\/ca\/enginyeria\/#breadcrumb\",\"itemListElement\":[{\"@type\":\"ListItem\",\"position\":1,\"name\":\"Portada\",\"item\":\"https:\/\/www.eprojecta.cat\/ca\/\"},{\"@type\":\"ListItem\",\"position\":2,\"name\":\"Enginyeria\"}]},{\"@type\":\"WebSite\",\"@id\":\"https:\/\/www.eprojecta.cat\/ca\/#website\",\"url\":\"https:\/\/www.eprojecta.cat\/ca\/\",\"name\":\"Eprojecta\",\"description\":\"Enginyeria t\u00e8cnica\",\"publisher\":{\"@id\":\"https:\/\/www.eprojecta.cat\/ca\/#organization\"},\"potentialAction\":[{\"@type\":\"SearchAction\",\"target\":{\"@type\":\"EntryPoint\",\"urlTemplate\":\"https:\/\/www.eprojecta.cat\/ca\/?s={search_term_string}\"},\"query-input\":\"required name=search_term_string\"}],\"inLanguage\":\"ca\"},{\"@type\":\"Organization\",\"@id\":\"https:\/\/www.eprojecta.cat\/ca\/#organization\",\"name\":\"Plural Technics EProjecta\",\"url\":\"https:\/\/www.eprojecta.cat\/ca\/\",\"logo\":{\"@type\":\"ImageObject\",\"inLanguage\":\"ca\",\"@id\":\"https:\/\/www.eprojecta.cat\/ca\/#\/schema\/logo\/image\/\",\"url\":\"https:\/\/www.eprojecta.cat\/wp-content\/uploads\/2019\/04\/xarxes.jpg\",\"contentUrl\":\"https:\/\/www.eprojecta.cat\/wp-content\/uploads\/2019\/04\/xarxes.jpg\",\"width\":590,\"height\":590,\"caption\":\"Plural Technics EProjecta\"},\"image\":{\"@id\":\"https:\/\/www.eprojecta.cat\/ca\/#\/schema\/logo\/image\/\"},\"sameAs\":[\"https:\/\/www.instagram.com\/eprojecta\/\"]}]}<\/script>\n<!-- \/ Yoast SEO plugin. -->","yoast_head_json":{"title":"Enginyeria - Eprojecta","robots":{"index":"index","follow":"follow","max-snippet":"max-snippet:-1","max-image-preview":"max-image-preview:large","max-video-preview":"max-video-preview:-1"},"canonical":"https:\/\/www.eprojecta.cat\/ca\/enginyeria\/","og_locale":"ca_ES","og_type":"article","og_title":"Enginyeria - Eprojecta","og_url":"https:\/\/www.eprojecta.cat\/ca\/enginyeria\/","og_site_name":"Eprojecta","article_modified_time":"2025-03-31T13:01:24+00:00","og_image":[{"width":590,"height":590,"url":"https:\/\/www.eprojecta.cat\/wp-content\/uploads\/2019\/04\/xarxes.jpg","type":"image\/jpeg"}],"twitter_misc":{"Temps estimat de lectura":"2 minuts"},"schema":{"@context":"https:\/\/schema.org","@graph":[{"@type":"WebPage","@id":"https:\/\/www.eprojecta.cat\/ca\/enginyeria\/","url":"https:\/\/www.eprojecta.cat\/ca\/enginyeria\/","name":"Enginyeria - Eprojecta","isPartOf":{"@id":"https:\/\/www.eprojecta.cat\/ca\/#website"},"datePublished":"2015-02-04T11:43:06+00:00","dateModified":"2025-03-31T13:01:24+00:00","breadcrumb":{"@id":"https:\/\/www.eprojecta.cat\/ca\/enginyeria\/#breadcrumb"},"inLanguage":"ca","potentialAction":[{"@type":"ReadAction","target":["https:\/\/www.eprojecta.cat\/ca\/enginyeria\/"]}]},{"@type":"BreadcrumbList","@id":"https:\/\/www.eprojecta.cat\/ca\/enginyeria\/#breadcrumb","itemListElement":[{"@type":"ListItem","position":1,"name":"Portada","item":"https:\/\/www.eprojecta.cat\/ca\/"},{"@type":"ListItem","position":2,"name":"Enginyeria"}]},{"@type":"WebSite","@id":"https:\/\/www.eprojecta.cat\/ca\/#website","url":"https:\/\/www.eprojecta.cat\/ca\/","name":"Eprojecta","description":"Enginyeria t\u00e8cnica","publisher":{"@id":"https:\/\/www.eprojecta.cat\/ca\/#organization"},"potentialAction":[{"@type":"SearchAction","target":{"@type":"EntryPoint","urlTemplate":"https:\/\/www.eprojecta.cat\/ca\/?s={search_term_string}"},"query-input":"required name=search_term_string"}],"inLanguage":"ca"},{"@type":"Organization","@id":"https:\/\/www.eprojecta.cat\/ca\/#organization","name":"Plural Technics EProjecta","url":"https:\/\/www.eprojecta.cat\/ca\/","logo":{"@type":"ImageObject","inLanguage":"ca","@id":"https:\/\/www.eprojecta.cat\/ca\/#\/schema\/logo\/image\/","url":"https:\/\/www.eprojecta.cat\/wp-content\/uploads\/2019\/04\/xarxes.jpg","contentUrl":"https:\/\/www.eprojecta.cat\/wp-content\/uploads\/2019\/04\/xarxes.jpg","width":590,"height":590,"caption":"Plural Technics EProjecta"},"image":{"@id":"https:\/\/www.eprojecta.cat\/ca\/#\/schema\/logo\/image\/"},"sameAs":["https:\/\/www.instagram.com\/eprojecta\/"]}]}},"_links":{"self":[{"href":"https:\/\/www.eprojecta.cat\/ca\/wp-json\/wp\/v2\/pages\/580"}],"collection":[{"href":"https:\/\/www.eprojecta.cat\/ca\/wp-json\/wp\/v2\/pages"}],"about":[{"href":"https:\/\/www.eprojecta.cat\/ca\/wp-json\/wp\/v2\/types\/page"}],"author":[{"embeddable":true,"href":"https:\/\/www.eprojecta.cat\/ca\/wp-json\/wp\/v2\/users\/1"}],"replies":[{"embeddable":true,"href":"https:\/\/www.eprojecta.cat\/ca\/wp-json\/wp\/v2\/comments?post=580"}],"version-history":[{"count":2,"href":"https:\/\/www.eprojecta.cat\/ca\/wp-json\/wp\/v2\/pages\/580\/revisions"}],"predecessor-version":[{"id":4703,"href":"https:\/\/www.eprojecta.cat\/ca\/wp-json\/wp\/v2\/pages\/580\/revisions\/4703"}],"wp:attachment":[{"href":"https:\/\/www.eprojecta.cat\/ca\/wp-json\/wp\/v2\/media?parent=580"}],"curies":[{"name":"wp","href":"https:\/\/api.w.org\/{rel}","templated":true}]}}