{"id":596,"date":"2015-02-04T12:44:40","date_gmt":"2015-02-04T11:44:40","guid":{"rendered":"http:\/\/thevelop.com\/eprojecta\/?page_id=596"},"modified":"2025-02-03T11:33:26","modified_gmt":"2025-02-03T10:33:26","slug":"sobre-eprojecta","status":"publish","type":"page","link":"https:\/\/www.eprojecta.cat\/ca\/sobre-eprojecta\/","title":{"rendered":"Sobre eProjecta"},"content":{"rendered":"<p>&nbsp;<\/p>\n<p><img decoding=\"async\" loading=\"lazy\" class=\"aligncenter\" src=\"https:\/\/www.eprojecta.cat\/wp-content\/uploads\/2024\/12\/EPROJ_SOCIS-2.png\" width=\"810\" height=\"405\" \/><\/p>\n<p>&nbsp;<\/p>\n<p>&nbsp;<\/p>\n<ul class='acordeon'>\n<li class='gdl-divider transition-medium'><h3 class='accordion-head title-color gdl-title'><span class='accordion-head-image transition-medium'><\/span>Missi\u00f3<\/h3><div class='accordion-content'>Basant-nos en la millor qualitat, sempre tractem de satisfer els nostres clients i col\u00b7laboradors. El benestar social, el desenvolupament sostenible i la millora cont\u00ednua s\u00f3n les nostres estrat\u00e8gies de competitivitat en el sector de l&#8217;enginyeria.<\/div><\/li><br \/>\n<li class='gdl-divider transition-medium'><h3 class='accordion-head title-color gdl-title'><span class='accordion-head-image transition-medium'><\/span>Visi\u00f3<\/h3><div class='accordion-content'>Ser una empresa de refer\u00e8ncia amb una imatge de marca reconeguda en totes les nostres \u00e0rees d&#8217;activitat, estant permanentment al servei dels nostres clients i oferint-los solucions \u00f2ptimes a les seves necessitats.<\/div><\/li><br \/>\n<li class='gdl-divider transition-medium'><h3 class='accordion-head title-color gdl-title'><span class='accordion-head-image transition-medium'><\/span>Valor<\/h3><div class='accordion-content'>A eProjecta ens esforcem cada dia per oferir un servei de la m\u00e9s elevada qualitat\u00a0als\u00a0nostres clients. A partir de totes aquestes premisses emmarquem en un context uns valors propis a l&#8217;organitzaci\u00f3.<\/div><\/li>\n<\/ul>\n<p>&nbsp;<\/p>\n","protected":false},"excerpt":{"rendered":"<p>&nbsp; &nbsp; &nbsp; &nbsp;<\/p>\n","protected":false},"author":1,"featured_media":0,"parent":0,"menu_order":0,"comment_status":"open","ping_status":"open","template":"page-acerca.php","meta":[],"yoast_head":"<!-- This site is optimized with the Yoast SEO plugin v21.8.1 - https:\/\/yoast.com\/wordpress\/plugins\/seo\/ -->\n<title>Sobre eProjecta - Eprojecta<\/title>\n<meta name=\"robots\" content=\"index, follow, max-snippet:-1, max-image-preview:large, max-video-preview:-1\" \/>\n<link rel=\"canonical\" href=\"https:\/\/www.eprojecta.cat\/ca\/sobre-eprojecta\/\" \/>\n<meta property=\"og:locale\" content=\"ca_ES\" \/>\n<meta property=\"og:type\" content=\"article\" \/>\n<meta property=\"og:title\" content=\"Sobre eProjecta - Eprojecta\" \/>\n<meta property=\"og:description\" content=\"&nbsp; &nbsp; &nbsp; &nbsp;\" \/>\n<meta property=\"og:url\" content=\"https:\/\/www.eprojecta.cat\/ca\/sobre-eprojecta\/\" \/>\n<meta property=\"og:site_name\" content=\"Eprojecta\" \/>\n<meta property=\"article:modified_time\" content=\"2025-02-03T10:33:26+00:00\" \/>\n<meta property=\"og:image\" content=\"https:\/\/www.eprojecta.cat\/wp-content\/uploads\/2024\/12\/EPROJ_SOCIS-2.png\" \/>\n<meta name=\"twitter:label1\" content=\"Temps estimat de lectura\" \/>\n\t<meta name=\"twitter:data1\" content=\"1 minut\" \/>\n<script type=\"application\/ld+json\" class=\"yoast-schema-graph\">{\"@context\":\"https:\/\/schema.org\",\"@graph\":[{\"@type\":\"WebPage\",\"@id\":\"https:\/\/www.eprojecta.cat\/ca\/sobre-eprojecta\/\",\"url\":\"https:\/\/www.eprojecta.cat\/ca\/sobre-eprojecta\/\",\"name\":\"Sobre eProjecta - Eprojecta\",\"isPartOf\":{\"@id\":\"https:\/\/www.eprojecta.cat\/ca\/#website\"},\"datePublished\":\"2015-02-04T11:44:40+00:00\",\"dateModified\":\"2025-02-03T10:33:26+00:00\",\"breadcrumb\":{\"@id\":\"https:\/\/www.eprojecta.cat\/ca\/sobre-eprojecta\/#breadcrumb\"},\"inLanguage\":\"ca\",\"potentialAction\":[{\"@type\":\"ReadAction\",\"target\":[\"https:\/\/www.eprojecta.cat\/ca\/sobre-eprojecta\/\"]}]},{\"@type\":\"BreadcrumbList\",\"@id\":\"https:\/\/www.eprojecta.cat\/ca\/sobre-eprojecta\/#breadcrumb\",\"itemListElement\":[{\"@type\":\"ListItem\",\"position\":1,\"name\":\"Portada\",\"item\":\"https:\/\/www.eprojecta.cat\/ca\/\"},{\"@type\":\"ListItem\",\"position\":2,\"name\":\"Sobre eProjecta\"}]},{\"@type\":\"WebSite\",\"@id\":\"https:\/\/www.eprojecta.cat\/ca\/#website\",\"url\":\"https:\/\/www.eprojecta.cat\/ca\/\",\"name\":\"Eprojecta\",\"description\":\"Enginyeria t\u00e8cnica\",\"publisher\":{\"@id\":\"https:\/\/www.eprojecta.cat\/ca\/#organization\"},\"potentialAction\":[{\"@type\":\"SearchAction\",\"target\":{\"@type\":\"EntryPoint\",\"urlTemplate\":\"https:\/\/www.eprojecta.cat\/ca\/?s={search_term_string}\"},\"query-input\":\"required name=search_term_string\"}],\"inLanguage\":\"ca\"},{\"@type\":\"Organization\",\"@id\":\"https:\/\/www.eprojecta.cat\/ca\/#organization\",\"name\":\"Plural Technics EProjecta\",\"url\":\"https:\/\/www.eprojecta.cat\/ca\/\",\"logo\":{\"@type\":\"ImageObject\",\"inLanguage\":\"ca\",\"@id\":\"https:\/\/www.eprojecta.cat\/ca\/#\/schema\/logo\/image\/\",\"url\":\"https:\/\/www.eprojecta.cat\/wp-content\/uploads\/2019\/04\/xarxes.jpg\",\"contentUrl\":\"https:\/\/www.eprojecta.cat\/wp-content\/uploads\/2019\/04\/xarxes.jpg\",\"width\":590,\"height\":590,\"caption\":\"Plural Technics EProjecta\"},\"image\":{\"@id\":\"https:\/\/www.eprojecta.cat\/ca\/#\/schema\/logo\/image\/\"},\"sameAs\":[\"https:\/\/www.instagram.com\/eprojecta\/\"]}]}<\/script>\n<!-- \/ Yoast SEO plugin. -->","yoast_head_json":{"title":"Sobre eProjecta - Eprojecta","robots":{"index":"index","follow":"follow","max-snippet":"max-snippet:-1","max-image-preview":"max-image-preview:large","max-video-preview":"max-video-preview:-1"},"canonical":"https:\/\/www.eprojecta.cat\/ca\/sobre-eprojecta\/","og_locale":"ca_ES","og_type":"article","og_title":"Sobre eProjecta - Eprojecta","og_description":"&nbsp; &nbsp; &nbsp; &nbsp;","og_url":"https:\/\/www.eprojecta.cat\/ca\/sobre-eprojecta\/","og_site_name":"Eprojecta","article_modified_time":"2025-02-03T10:33:26+00:00","og_image":[{"url":"https:\/\/www.eprojecta.cat\/wp-content\/uploads\/2024\/12\/EPROJ_SOCIS-2.png"}],"twitter_misc":{"Temps estimat de lectura":"1 minut"},"schema":{"@context":"https:\/\/schema.org","@graph":[{"@type":"WebPage","@id":"https:\/\/www.eprojecta.cat\/ca\/sobre-eprojecta\/","url":"https:\/\/www.eprojecta.cat\/ca\/sobre-eprojecta\/","name":"Sobre eProjecta - Eprojecta","isPartOf":{"@id":"https:\/\/www.eprojecta.cat\/ca\/#website"},"datePublished":"2015-02-04T11:44:40+00:00","dateModified":"2025-02-03T10:33:26+00:00","breadcrumb":{"@id":"https:\/\/www.eprojecta.cat\/ca\/sobre-eprojecta\/#breadcrumb"},"inLanguage":"ca","potentialAction":[{"@type":"ReadAction","target":["https:\/\/www.eprojecta.cat\/ca\/sobre-eprojecta\/"]}]},{"@type":"BreadcrumbList","@id":"https:\/\/www.eprojecta.cat\/ca\/sobre-eprojecta\/#breadcrumb","itemListElement":[{"@type":"ListItem","position":1,"name":"Portada","item":"https:\/\/www.eprojecta.cat\/ca\/"},{"@type":"ListItem","position":2,"name":"Sobre eProjecta"}]},{"@type":"WebSite","@id":"https:\/\/www.eprojecta.cat\/ca\/#website","url":"https:\/\/www.eprojecta.cat\/ca\/","name":"Eprojecta","description":"Enginyeria t\u00e8cnica","publisher":{"@id":"https:\/\/www.eprojecta.cat\/ca\/#organization"},"potentialAction":[{"@type":"SearchAction","target":{"@type":"EntryPoint","urlTemplate":"https:\/\/www.eprojecta.cat\/ca\/?s={search_term_string}"},"query-input":"required name=search_term_string"}],"inLanguage":"ca"},{"@type":"Organization","@id":"https:\/\/www.eprojecta.cat\/ca\/#organization","name":"Plural Technics EProjecta","url":"https:\/\/www.eprojecta.cat\/ca\/","logo":{"@type":"ImageObject","inLanguage":"ca","@id":"https:\/\/www.eprojecta.cat\/ca\/#\/schema\/logo\/image\/","url":"https:\/\/www.eprojecta.cat\/wp-content\/uploads\/2019\/04\/xarxes.jpg","contentUrl":"https:\/\/www.eprojecta.cat\/wp-content\/uploads\/2019\/04\/xarxes.jpg","width":590,"height":590,"caption":"Plural Technics EProjecta"},"image":{"@id":"https:\/\/www.eprojecta.cat\/ca\/#\/schema\/logo\/image\/"},"sameAs":["https:\/\/www.instagram.com\/eprojecta\/"]}]}},"_links":{"self":[{"href":"https:\/\/www.eprojecta.cat\/ca\/wp-json\/wp\/v2\/pages\/596"}],"collection":[{"href":"https:\/\/www.eprojecta.cat\/ca\/wp-json\/wp\/v2\/pages"}],"about":[{"href":"https:\/\/www.eprojecta.cat\/ca\/wp-json\/wp\/v2\/types\/page"}],"author":[{"embeddable":true,"href":"https:\/\/www.eprojecta.cat\/ca\/wp-json\/wp\/v2\/users\/1"}],"replies":[{"embeddable":true,"href":"https:\/\/www.eprojecta.cat\/ca\/wp-json\/wp\/v2\/comments?post=596"}],"version-history":[{"count":2,"href":"https:\/\/www.eprojecta.cat\/ca\/wp-json\/wp\/v2\/pages\/596\/revisions"}],"predecessor-version":[{"id":4634,"href":"https:\/\/www.eprojecta.cat\/ca\/wp-json\/wp\/v2\/pages\/596\/revisions\/4634"}],"wp:attachment":[{"href":"https:\/\/www.eprojecta.cat\/ca\/wp-json\/wp\/v2\/media?parent=596"}],"curies":[{"name":"wp","href":"https:\/\/api.w.org\/{rel}","templated":true}]}}