{"id":989482,"date":"2026-04-09T09:54:55","date_gmt":"2026-04-09T09:54:55","guid":{"rendered":"https:\/\/www.eprojecta.cat\/aviso-legal\/"},"modified":"2026-04-28T06:42:19","modified_gmt":"2026-04-28T06:42:19","slug":"aviso-legal","status":"publish","type":"page","link":"https:\/\/www.eprojecta.cat\/es\/aviso-legal\/","title":{"rendered":"Aviso legal"},"content":{"rendered":"\t\t<div data-elementor-type=\"wp-page\" data-elementor-id=\"989482\" class=\"elementor elementor-989482 elementor-988714\" data-elementor-post-type=\"page\">\n\t\t\t\t<div class=\"elementor-element elementor-element-193174e e-grid e-con-boxed e-con e-parent\" data-id=\"193174e\" data-element_type=\"container\" data-e-type=\"container\">\n\t\t\t\t\t<div class=\"e-con-inner\">\n\t\t<div class=\"elementor-element elementor-element-1ace34a e-con-full e-flex e-con e-child\" data-id=\"1ace34a\" data-element_type=\"container\" data-e-type=\"container\">\n\t\t\t\t<\/div>\n\t\t\t\t\t<\/div>\n\t\t\t\t<\/div>\n\t\t<div class=\"elementor-element elementor-element-7b18c60 e-flex e-con-boxed e-con e-child\" data-id=\"7b18c60\" data-element_type=\"container\" data-e-type=\"container\">\n\t\t\t\t\t<div class=\"e-con-inner\">\n\t\t<div class=\"elementor-element elementor-element-51f8428 e-con-full e-flex e-con e-child\" data-id=\"51f8428\" data-element_type=\"container\" data-e-type=\"container\">\n\t\t<div class=\"elementor-element elementor-element-69eab2a e-con-full e-flex e-con e-child\" data-id=\"69eab2a\" data-element_type=\"container\" data-e-type=\"container\">\n\t\t\t\t<div class=\"elementor-element elementor-element-994dd19 elementor-invisible elementor-widget-tablet__width-inherit animated-fast elementor-widget__width-initial elementor-widget elementor-widget-heading\" data-id=\"994dd19\" data-element_type=\"widget\" data-e-type=\"widget\" data-settings=\"{&quot;_animation&quot;:&quot;slideInUp&quot;,&quot;_animation_delay&quot;:50}\" data-widget_type=\"heading.default\">\n\t\t\t\t<div class=\"elementor-widget-container\">\n\t\t\t\t\t<h2 class=\"elementor-heading-title elementor-size-default\"><h2 class=\"elementor-heading-title elementor-size-default elementor-inline-editing pen\" data-elementor-setting-key=\"title\" data-pen-placeholder=\"Teclea aqu\u00ed...\">Aviso Legal<\/h2><\/h2>\t\t\t\t<\/div>\n\t\t\t\t<\/div>\n\t\t\t\t<div class=\"vamtam-has-theme-widget-styles elementor-element elementor-element-cd41a56 elementor-invisible elementor-widget-tablet__width-inherit animated-fast elementor-widget elementor-widget-text-editor\" data-id=\"cd41a56\" data-element_type=\"widget\" data-e-type=\"widget\" data-settings=\"{&quot;_animation&quot;:&quot;fadeIn&quot;,&quot;_animation_delay&quot;:200}\" data-widget_type=\"text-editor.default\">\n\t\t\t\t<div class=\"elementor-widget-container\">\n\t\t\t\t\t\t\t\t\t<p>Para dar cumplimiento al art\u00edculo 10 de la Ley 34\/2002 de Servicios de la Sociedad de la Informaci\u00f3n y del Comercio Electr\u00f3nico, informamos a los usuarios de nuestros datos:<\/p><p> <\/p><p>Denominaci\u00f3n Social: <strong>PLURAL TECHNICS EPROJECTA, S.L.<\/strong><\/p><p>Domicilio Social:<strong> C\/ Miquel Servet (Pol. Ind. Bufalvent), 29 &#8211; 33, Nave 8, 08243, Manresa, Barcelona<\/strong><\/p><p>NIF:<strong>B66572827<\/strong><\/p><p>E-Mail: <strong>administracio@eprojecta.cat<\/strong><\/p><p>Web: <a href=\"http:\/\/www.eprojecta.cat\/\"><strong>www.eprojecta.cat<\/strong><\/a><\/p><p>Datos Registrales: <strong>Esta sociedad consta inscrita en el Registro Mercantil de Barcelona, \u200b\u200bVolumen 44980, Hoja B473164, Inscripci\u00f3n 1\u00aa.<\/strong><\/p><p> <\/p><p><strong>1. OBJETO<\/strong><\/p><p><strong>PLURAL TECHNICS EPROJECTA, S.L.<\/strong>(en adelante tambi\u00e9n el prestador) como responsable del sitio web, pone a disposici\u00f3n de los usuarios el presente documento, que regula el uso del sitio web <strong>www.eprojecta.cat<\/strong>, con el que pretendemos dar cumplimiento a las obligaciones que dispone la Ley 34\/2002, de Servicios de la Sociedad de la Informaci\u00f3n y del Comercio Electr\u00f3nico (LSSICE o LSSI), as\u00ed como informar.<\/p><p>A trav\u00e9s de la web, <strong>PLURAL TECHNICS EPROJECTA, S.L.<\/strong> facilita a los usuarios el acceso y utilizaci\u00f3n de distintos servicios y contenidos puestos a disposici\u00f3n a trav\u00e9s de la web.<\/p><p>Toda persona que acceda a esta web asume el papel de usuario (en adelante el Usuario), e implica la aceptaci\u00f3n total y sin reservas de todas y cada una de las disposiciones incluidas en este Aviso Legal, as\u00ed como cualquier otras disposiciones legales que fueran de aplicaci\u00f3n.<\/p><p>Como usuarios, deben leer atentamente este Aviso Legal en cualquiera de las ocasiones que entren en la web porque \u00e9ste puede sufrir modificaciones ya que el prestamista se reserva el derecho a modificar cualquier tipo de informaci\u00f3n que pudiera aparecer en la web, sin que exista la obligaci\u00f3n de preavisar o poner en conocimiento de los usuarios estas obligaciones, siendo suficientes la publicaci\u00f3n en el sitio web del prestador.<\/p><p> <\/p><p><strong>2. CONDICIONES DE ACCESO Y USO DE LA WEB<\/strong><\/p><p> <\/p><p><strong>2.1. Car\u00e1cter gratuito del acceso y uso de la web<\/strong><\/p><p>La prestaci\u00f3n de los servicios por parte de <strong>PLURAL TECHNICS EPROJECTA, S.L<\/strong>. tiene car\u00e1cter gratuito para todos los usuarios. <\/p><p> <\/p><p><strong>2.2. Registro de Usuario<\/strong><\/p><p>Con car\u00e1cter general, la prestaci\u00f3n de los servicios no exige la previa suscripci\u00f3n o registro de los Usuarios.<\/p><p> <\/p><p><strong>2.3. Veracidad de la informaci\u00f3n<\/strong><\/p><p>Toda la informaci\u00f3n que facilita el Usuario debe ser veraz. A estos efectos, el Usuario garantiza la autenticidad de los datos comunicados a trav\u00e9s de los formularios para la suscripci\u00f3n de los servicios. Ser\u00e1 responsabilidad del Usuario mantener toda la informaci\u00f3n facilitada a PLURAL TECHNICS EPROJECTA, S.L. permanentemente actualizada de forma que responda, en cada momento, a su situaci\u00f3n real. En todo caso, el Usuario ser\u00e1 el \u00fanico responsable de las manifestaciones falsas o inexactas que realice y de los perjuicios que cause al prestamista oa terceros.   <\/p><p> <\/p><p><strong>2.4. Menores de edad<\/strong><\/p><p>Para el uso de los servicios, los menores de edad deben obtener siempre previamente el consentimiento de los padres, tutores o representantes legales, responsables \u00faltimos de todos los actos realizados por los menores a su cargo. La responsabilidad en la determinaci\u00f3n de contenidos concretos a los que acceden los menores corresponde a aquellos, por lo que si acceden a contenidos no apropiados por Internet, deber\u00e1n establecerse en sus ordenadores mecanismos, en particular programas inform\u00e1ticos, filtros y bloqueos, que permitan limitar los contenidos disponibles y, aunque no sean infalibles los materiales, pueden ser de especial utilidad para controlar. <\/p><p> <\/p><p><strong>2.5. Obligaci\u00f3n de hacer uso correcto de la web<\/strong><\/p><p>El Usuario se compromete a utilizar la web de conformidad con la Ley y el presente Aviso Legal, as\u00ed como a la moral ya las buenas costumbres. A tal efecto, el Usuario se abstendr\u00e1 de utilizar la p\u00e1gina con fines il\u00edcitos o prohibidos, lesivos de derechos e intereses de terceros, o que de cualquier forma puedan da\u00f1ar, inutilizar, sobrecargar, deteriorar o impedir la normal utilizaci\u00f3n de equipos inform\u00e1ticos o documentos, archivos y toda clase de contenidos almacenados en cualquier equipo. <\/p><p> <\/p><p>En particular, ya t\u00edtulo indicativo pero no exhaustivo, el Usuario se compromete a no transmitir, difundir o poner a disposici\u00f3n de terceros informaciones, datos, contenidos, mensajes, gr\u00e1ficos, dibujos, archivos de sonido o imagen, fotograf\u00edas, grabaciones, software y, en general, cualquier clase de material que:<\/p><ul><li>sea \u200b\u200bcontraria, desprecie o atente contra los derechos fundamentales y las libertades p\u00fablicas reconocidas constitucionalmente, en tratados internacionales y otras normas vigentes;<\/li><li>induzca, incite o promueva actuaciones delictivas, denigrantes, difamatorias, violentas o, en general, contrarias a la ley, a la moral y al orden p\u00fablico;<\/li><li>induzca, incite o promueva actuaciones, actitudes o pensamientos discriminatorios por raz\u00f3n de sexo, raza, religi\u00f3n, creencias, edad o condici\u00f3n;<\/li><li>sea \u200b\u200bcontrario al derecho al honor, a la intimidad personal o familiar oa la propia imagen de las personas;<\/li><li>de cualquier modo perjudique la credibilidad del prestamista o de terceros; y<\/li><li>constituya publicidad il\u00edcita, enga\u00f1osa o desleal.<\/li><\/ul><p> <\/p><p><strong>3. EXCLUSI\u00d3N DE GARANT\u00cdAS Y RESPONSABILIDAD<\/strong><\/p><p>El prestamista se exime de cualquier tipo de responsabilidad derivada de la informaci\u00f3n publicada en nuestro sitio web, siempre que esta informaci\u00f3n haya sido manipulada o introducida por un tercero ajeno.<\/p><p>Esta web ha sido revisada y probada para que funcione correctamente. En principio, puede garantizarse el correcto funcionamiento los 365 d\u00edas del a\u00f1o, 24 horas al d\u00eda. No obstante, el prestamista no descarta la posibilidad de que existan determinados errores de programaci\u00f3n, o que sucedan causas de fuerza mayor, cat\u00e1strofes naturales, huelgas, o circunstancias similares que hagan imposible el acceso a la p\u00e1gina web.  <\/p><p><strong>PLURAL TECHNICS EPROJECTA, S.L.<\/strong> no otorga ninguna garant\u00eda ni se hace responsable, en ning\u00fan caso, de los da\u00f1os y perjuicios de cualquier naturaleza que puedan salir a colaci\u00f3n de la carencia de disponibilidad, mantenimiento y efectivo funcionamiento de la web o de sus servicios y contenidos; de la existencia de virus, programas maliciosos o lesivos en los contenidos; del uso il\u00edcito, negligente, fraudulento o contrario a este Aviso Legal y condiciones de uso; o de la falta de licitud, calidad, fiabilidad, utilidad y disponibilidad de los servicios prestados por terceros y puestos a disposici\u00f3n de los usuarios en el sitio web.<\/p><p>El prestamista no se hace responsable bajo ning\u00fan concepto de los da\u00f1os que puedan dimanar del uso ilegal o indebido de la presente p\u00e1gina web.<\/p><p> <\/p><p><strong>4. COOKIES<\/strong><\/p><p>El sitio web del prestamista puede utilizar cookies (peque\u00f1os archivos de informaci\u00f3n que el servidor env\u00eda al ordenador de quien accede a la p\u00e1gina) para llevar a cabo determinadas funciones que son consideradas imprescindibles para el correcto funcionamiento y visualizaci\u00f3n del sitio. Las cookies utilizadas tienen, en todo caso, car\u00e1cter temporal, con el \u00fanico fin de hacer m\u00e1s eficaz la navegaci\u00f3n, desapareciendo al finalizar la sesi\u00f3n del usuario. En ning\u00fan caso se utilizar\u00e1n las cookies para recabar informaci\u00f3n de car\u00e1cter personal. Para m\u00e1s informaci\u00f3n, ver nuestra <a href=\"https:\/\/www.eprojecta.cat\/?page_id=3825\">Pol\u00edtica de Cookies<\/a>.   <\/p><p> <\/p><p><strong>5. ENLACES (LINKS)<\/strong><\/p><p>Desde el sitio web es posible que se redirija a contenidos patrocinados, anuncios y\/o enlaces de afiliados y\/o de terceras webs.<\/p><p>Entre los enlaces facilitados, existe la posibilidad de informar o hacer referencia a productos y\/o servicios de terceros. Dado que desde la web no podemos controlar los contenidos introducidos por terceros, <strong>PLURAL TECHNICS EPROJECTA, S.L.<\/strong> no asume ning\u00fan tipo de responsabilidad respecto a estos contenidos, ni garantiza la experiencia, integridad o calidad de sus productos. En todo caso, el prestamista manifiesta que proceder\u00e1 a la retirada inmediata de cualquier contenido que pudiera contravenir la legislaci\u00f3n nacional o internacional, la moral o el orden p\u00fablico, procediendo a la retirada inmediata de la redirecci\u00f3n a estas webs, poniendo en conocimiento de las autoridades competentes el contenido en cuesti\u00f3n.  <\/p><p><strong>PLURAL TECHNICS EPROJECTA, S.L.<\/strong> tendr\u00e1 publicados estos enlaces hasta que sean eliminados o suspendidos por el prestamista o por el anunciante, y no ser\u00e1 responsable aunque estos anuncios puedan ser indexados por otros buscadores ajenos a esta web.<\/p><p>El prestamista no se responsabiliza de la informaci\u00f3n y contenidos almacenados, a t\u00edtulo enunciativo pero no limitante, en foros, chats, generadores de blogs, comentarios, redes sociales o cualquier otro medio que permita a terceros publicar contenidos de forma independiente en la p\u00e1gina web del prestamista. Sin embargo y en cumplimiento de lo dispuesto en el art. 11 y 16 de la LSSICE, el prestamista se pone a disposici\u00f3n de todos los usuarios, autoridades y fuerzas de seguridad, y colaborando de forma activa en la retirada o, cuando sea necesario, el bloqueo de todos aquellos contenidos que puedan afectar o contravenir la legislaci\u00f3n nacional, o internacional, derechos de terceros o la moral y el orden p\u00fablico. En caso de que el usuario considere que puede existir alg\u00fan contenido que pudiera ser susceptible de esta clasificaci\u00f3n, se ruega que lo haga saber de forma inmediata al administrador del sitio web.  <\/p><p>Sin embargo, <strong>PLURAL TECHNICS EPROJECTA, S.L.<\/strong> le informa que cualquier relaci\u00f3n contractual o extracontractual que el usuario formalice con estos terceros, afiliados o anunciantes mediante el link proporcionado por esta web, ser\u00e1 v\u00e1lido \u00fanica y exclusivamente entre el usuario y el anunciante y\/o tercera persona y <strong>PLURAL TECHNICS EPROJECTA, S.L.<\/strong> no tendr\u00e1 ning\u00fan tipo de responsabilidad sobre los da\u00f1os o perjuicios que pudieran ser ocasionados por la prestaci\u00f3n de servicios y\/o relaciones contractuales o extracontractuales llevadas a cabo entre el usuario y los anunciantes o terceros contactadas a trav\u00e9s de este portal ya que el prestamista s\u00f3lo act\u00faa como intermediario o medio publicitario.<\/p><p> <\/p><p><strong>6. PROTECCI\u00d3N DE DATOS PERSONALES<\/strong><\/p><p>El prestamista est\u00e1 profundamente comprometido con el cumplimiento de la normativa de protecci\u00f3n de datos personales y garantiza el cumplimiento \u00edntegro de las obligaciones dispuestas, as\u00ed como la implementaci\u00f3n de las medidas de seguridad dispuestas en el Reglamento Europeo de Protecci\u00f3n de datos y la normativa espa\u00f1ola de protecci\u00f3n de datos. Para m\u00e1s informaci\u00f3n, ver nuestra <a href=\"https:\/\/www.eprojecta.cat\/?page_id=3826\">Pol\u00edtica de Privacidad<\/a>. <\/p><p> <\/p><p><strong>7. PROPIEDAD INTELECTUAL E INDUSTRIAL<\/strong><\/p><p>El sitio web, incluyendo a t\u00edtulo enunciativo pero no limitativo: la programaci\u00f3n, edici\u00f3n, compilaci\u00f3n y otros elementos necesarios para su funcionamiento, los dise\u00f1os, logotipos, textos, fotograf\u00edas y\/o gr\u00e1ficos son propiedad del prestamista o, en caso necesario, dispone de la licencia o autorizaci\u00f3n expresa por parte de los autores. Todos los contenidos del sitio web est\u00e1n debidamente protegidos por la normativa de propiedad intelectual e industrial. <\/p><p>Independientemente de la finalidad por la que fuesen destinados, la reproducci\u00f3n total o parcial, uso, distribuci\u00f3n y comunicaci\u00f3n p\u00fablica requieren de la autorizaci\u00f3n escrita previa por parte del prestamista. Cualquier uso no autorizado previamente por parte del prestamista ser\u00e1 considerado un incumplimiento grave de los derechos de propiedad intelectual o industrial del autor. <\/p><p>Los dise\u00f1os, logotipos, textos y\/o gr\u00e1ficos ajenos al prestamista y que puedan aparecer en el sitio web, pertenecen a sus respectivos propietarios, siendo ellos mismos responsables de cualquier posible controversia que pudiera acontecer respecto a los mismos. En todo caso, el prestamista cuenta con la autorizaci\u00f3n expresa y previa por parte de los mismos. <\/p><p>El prestamista reconoce a favor de sus titulares los correspondientes derechos de propiedad industrial e intelectual, no implicando la menci\u00f3n o aparici\u00f3n en el sitio web, de la existencia de derechos o responsabilidad alguna del prestamista sobre los mismos, como tampoco apoyo, patrocinio o recomendaci\u00f3n por parte del mismo.<\/p><p>Para realizar cualquier tipo de observaci\u00f3n respecto a posibles incumplimientos de los derechos de propiedad intelectual o industrial, as\u00ed como sobre cualquiera de los contenidos del sitio web, puede hacerlo a trav\u00e9s del correo electr\u00f3nico arriba rese\u00f1ado.<\/p><p> <\/p><div class=\"QcsUad BDJ8fb BLojaf sMVRZe hCXDsb wneUed\"><div class=\"usGWQd\"><div class=\"KkbLmb\"><div class=\"lRu31\" dir=\"ltr\"><strong><span class=\"HwtZe\" lang=\"es\"><span class=\"jCAhz\"><span class=\"ryNqvb\">8. LEY APLICABLE Y JURISDICCI\u00d3N<\/span><\/span><\/span><\/strong><\/div><div dir=\"ltr\"> <\/div><div class=\"lRu31\" dir=\"ltr\"><span class=\"HwtZe\" lang=\"es\"><span class=\"jCAhz ChMk0b\"><span class=\"ryNqvb\">Para la resoluci\u00f3n de las controversias o cuestiones relacionadas con la presente p\u00e1gina web o de las actividades en la misma desarrolladas, ser\u00e1 de aplicaci\u00f3n la legislaci\u00f3n espa\u00f1ola, a la que se someten expresamente las partes, siendo competentes para la resoluci\u00f3n de todos los conflictos derivados o relacionados con su uso los Juzgados y Tribunales de Manresa.<\/span><\/span><\/span><\/div><\/div><\/div><\/div>\t\t\t\t\t\t\t\t<\/div>\n\t\t\t\t<\/div>\n\t\t\t\t<\/div>\n\t\t\t\t<\/div>\n\t\t\t\t\t<\/div>\n\t\t\t\t<\/div>\n\t\t\t\t<\/div>\n\t\t","protected":false},"excerpt":{"rendered":"<p>Somos una ingenier\u00eda especializada en proyectos industriales, terciarios y de acontecimientos. Combinamos rigor t\u00e9cnico, experiencia contrastada y capacidad de gesti\u00f3n para ofrecer soluciones integrales que garantizan seguridad, viabilidad y eficiencia. <\/p>\n","protected":false},"author":2,"featured_media":0,"parent":0,"menu_order":0,"comment_status":"closed","ping_status":"closed","template":"","meta":{"footnotes":""},"class_list":["post-989482","page","type-page","status-publish","hentry"],"_links":{"self":[{"href":"https:\/\/www.eprojecta.cat\/es\/wp-json\/wp\/v2\/pages\/989482","targetHints":{"allow":["GET"]}}],"collection":[{"href":"https:\/\/www.eprojecta.cat\/es\/wp-json\/wp\/v2\/pages"}],"about":[{"href":"https:\/\/www.eprojecta.cat\/es\/wp-json\/wp\/v2\/types\/page"}],"author":[{"embeddable":true,"href":"https:\/\/www.eprojecta.cat\/es\/wp-json\/wp\/v2\/users\/2"}],"replies":[{"embeddable":true,"href":"https:\/\/www.eprojecta.cat\/es\/wp-json\/wp\/v2\/comments?post=989482"}],"version-history":[{"count":1,"href":"https:\/\/www.eprojecta.cat\/es\/wp-json\/wp\/v2\/pages\/989482\/revisions"}],"predecessor-version":[{"id":989483,"href":"https:\/\/www.eprojecta.cat\/es\/wp-json\/wp\/v2\/pages\/989482\/revisions\/989483"}],"wp:attachment":[{"href":"https:\/\/www.eprojecta.cat\/es\/wp-json\/wp\/v2\/media?parent=989482"}],"curies":[{"name":"wp","href":"https:\/\/api.w.org\/{rel}","templated":true}]}}