{"id":989484,"date":"2026-04-09T10:01:14","date_gmt":"2026-04-09T10:01:14","guid":{"rendered":"https:\/\/www.eprojecta.cat\/politica-de-cookies\/"},"modified":"2026-04-28T06:44:33","modified_gmt":"2026-04-28T06:44:33","slug":"politica-de-cookies","status":"publish","type":"page","link":"https:\/\/www.eprojecta.cat\/es\/politica-de-cookies\/","title":{"rendered":"Pol\u00edtica de cookies"},"content":{"rendered":"\t\t<div data-elementor-type=\"wp-page\" data-elementor-id=\"989484\" class=\"elementor elementor-989484 elementor-988724\" data-elementor-post-type=\"page\">\n\t\t\t\t<div class=\"elementor-element elementor-element-193174e e-grid e-con-boxed e-con e-parent\" data-id=\"193174e\" data-element_type=\"container\" data-e-type=\"container\">\n\t\t\t\t\t<div class=\"e-con-inner\">\n\t\t<div class=\"elementor-element elementor-element-1ace34a e-con-full e-flex e-con e-child\" data-id=\"1ace34a\" data-element_type=\"container\" data-e-type=\"container\">\n\t\t\t\t<\/div>\n\t\t\t\t\t<\/div>\n\t\t\t\t<\/div>\n\t\t<div class=\"elementor-element elementor-element-7b18c60 e-flex e-con-boxed e-con e-child\" data-id=\"7b18c60\" data-element_type=\"container\" data-e-type=\"container\">\n\t\t\t\t\t<div class=\"e-con-inner\">\n\t\t<div class=\"elementor-element elementor-element-51f8428 e-con-full e-flex e-con e-child\" data-id=\"51f8428\" data-element_type=\"container\" data-e-type=\"container\">\n\t\t<div class=\"elementor-element elementor-element-69eab2a e-con-full e-flex e-con e-child\" data-id=\"69eab2a\" data-element_type=\"container\" data-e-type=\"container\">\n\t\t\t\t<div class=\"elementor-element elementor-element-994dd19 elementor-invisible elementor-widget-tablet__width-inherit animated-fast elementor-widget__width-initial elementor-widget elementor-widget-heading\" data-id=\"994dd19\" data-element_type=\"widget\" data-e-type=\"widget\" data-settings=\"{&quot;_animation&quot;:&quot;slideInUp&quot;,&quot;_animation_delay&quot;:50}\" data-widget_type=\"heading.default\">\n\t\t\t\t<div class=\"elementor-widget-container\">\n\t\t\t\t\t<h2 class=\"elementor-heading-title elementor-size-default\"><h2 class=\"elementor-heading-title elementor-size-default elementor-inline-editing pen\" data-elementor-setting-key=\"title\" data-pen-placeholder=\"Teclea aqu\u00ed...\">P<span>ol\u00edtica de cookies<\/span><\/h2><\/h2>\t\t\t\t<\/div>\n\t\t\t\t<\/div>\n\t\t\t\t<div class=\"vamtam-has-theme-widget-styles elementor-element elementor-element-cd41a56 elementor-invisible elementor-widget-tablet__width-inherit animated-fast elementor-widget elementor-widget-text-editor\" data-id=\"cd41a56\" data-element_type=\"widget\" data-e-type=\"widget\" data-settings=\"{&quot;_animation&quot;:&quot;fadeIn&quot;,&quot;_animation_delay&quot;:200}\" data-widget_type=\"text-editor.default\">\n\t\t\t\t<div class=\"elementor-widget-container\">\n\t\t\t\t\t\t\t\t\t<p><strong>INTRODUCCI\u00d3N<\/strong><\/p><p>La web de <strong>PLURAL TECHNICS EPROJECTA, S.L.<\/strong> utiliza cookies propias y de terceros. Una cookie es un archivo que se descarga en su ordenador al acceder a determinadas p\u00e1ginas web. Las cookies permiten a una p\u00e1gina web, entre otras cosas, almacenar y recuperar informaci\u00f3n sobre los h\u00e1bitos de navegaci\u00f3n de un usuario o de su equipo y, dependiendo de la informaci\u00f3n que contengan y de la forma en que utilice su equipo, pueden utilizarse para reconocer al usuario. Las cookies se asocian \u00fanicamente a un usuario an\u00f3nimo y su ordenador o dispositivo y no proporcionan referencias que permitan conocer sus datos personales.   <\/p><p>El usuario puede, en todo momento, aceptar o rechazar las cookies instaladas que no sean estrictamente necesarias para el correcto funcionamiento de la web y el acceso al Usuario a sus servicios, a trav\u00e9s del panel de ajuste de cookies proporcionado a trav\u00e9s de nuestra web. Asimismo, podr\u00e1 configurar su navegador en todo momento sin que ello perjudique a la posibilidad del Usuario de acceder a los contenidos. Sin embargo, le informamos que el rechazar las cookies puede disminuir el buen funcionamiento de la web.  <\/p><p> <\/p><p><strong>COOKIES AFECTADAS POR LA NORMATIVA Y COOKIES EXENTAS<\/strong><\/p><p>Seg\u00fan la directiva de la UE, las cookies que requieren el consentimiento informado por parte del usuario son las cookies de anal\u00edtica y las de publicidad y afiliaci\u00f3n, quedando exceptuadas las de car\u00e1cter t\u00e9cnico y necesarias para el funcionamiento del sitio web o la prestaci\u00f3n de servicios expresamente demandados por el usuario.<\/p><p> <\/p><p><strong>TIPO DE COOKIES<\/strong><\/p><p>a) Seg\u00fan la entidad que las gestione, existen cookies <strong>propias<\/strong> (aquellas que se env\u00edan al equipo terminal del usuario desde un equipo o dominio gestionado por el propio editor y desde el que se presta el servicio solicitado por el usuario) y de <strong>terceros<\/strong> (las que se env\u00edan al equipo terminal del usuario por las ediciones por las mismas o las que se gestionan).<\/p><p> <\/p><p>b) Seg\u00fan el tiempo que permanecen activas, existen las de <strong>sesi\u00f3n<\/strong> (dise\u00f1adas para pedir y almacenar datos mientras el usuario accede a una p\u00e1gina web) y las <strong>persistentes<\/strong> (en las que los datos se almacenan en el terminal y pueden ser accedidos y tratados durante un per\u00edodo definido por el responsable de las cookies. Puede ir de unos minutos a varios a\u00f1os).<\/p><p> <\/p><p>c) Seg\u00fan la <strong>finalidad<\/strong> para la que tratan la informaci\u00f3n que recopilan, pueden ser:<\/p><ul><li><strong>Cookies t\u00e9cnicas<\/strong> (necesarias para el uso de la web y la prestaci\u00f3n del servicio contratado),<\/li><li><strong>Cookies de personalizaci\u00f3n<\/strong> (que permiten al usuario acceder al servicio con caracter\u00edsticas predefinidas, como el idioma, tipos de navegador, configuraci\u00f3n regional, etc.)<\/li><li><strong>Cookies de an\u00e1lisis<\/strong> (recogen informaci\u00f3n el uso que se realiza de la web),<\/li><li><strong>Cookies publicitarias<\/strong> (recogen informaci\u00f3n sobre las preferencias y elecciones personales de los usuarios)<\/li><li><strong>Cookies de afiliados<\/strong> (permiten realizar un seguimiento de las visitas procedentes de otras webs, con las que el sitio web establece un contrato de afiliaci\u00f3n).<\/li><\/ul><p> <\/p><p><strong>REVOCACI\u00d3N<\/strong><\/p><p>En todo momento podr\u00e1 acceder a la configuraci\u00f3n de su navegador aceptando o rechazando todas las cookies, o bien seleccionar aquellas que la instalaci\u00f3n admite y las que no, siguiendo uno de los siguientes procedimientos, dependiendo del navegador que utilice:<\/p><p> <\/p><p><strong>Google Chrome <\/strong>(en el Men\u00fa Herramientas):<\/p><p>Configuraci\u00f3n &gt; Mostrar opciones avanzadas &gt; Privacidad (Configuraci\u00f3n de contenido) &gt; Cookies:<\/p><p><a href=\"https:\/\/support.google.com\/chrome\/answer\/95647?co=GENIE.Platform%3DDesktop&amp;hl=es\">https:\/\/support.google.com\/chrome\/answer\/95647?co=GENIE.Platform%3DDesktop&amp;hl=es<\/a><\/p><p> <\/p><p><strong>Microsoft Edge<\/strong> (en el Men\u00fa Configuraci\u00f3n):<\/p><p>Configuraci\u00f3n &gt; Cookies y permisos del sitio:<\/p><p><a href=\"edge:\/\/settings\/content\/cookies\">edge:\/\/settings\/content\/cookies<\/a><\/p><p> <\/p><p><strong>Firefox:<\/strong><br>Opciones &gt; Privacidad &gt; Cookies:<\/p><p><a href=\"https:\/\/support.mozilla.org\/es\/kb\/habilitar-y-deshabilitar-cookies-sitios-web-rastrear-preferencias\">https:\/\/support.mozilla.org\/es\/kb\/habilitar-y-deshabilitar-cookies-sitios-web-rastrear-preferencias<\/a><\/p><p> <\/p><p><strong>Safari, iPad e iPhone:<\/strong><\/p><p>Preferencias &gt; Privacidad<\/p><p><a href=\"https:\/\/support.apple.com\/kb\/ph21411?locale=es_ES\">https:\/\/support.apple.com\/kb\/ph21411?locale=es_ES<\/a><\/p><p> <\/p><p><strong>Opera:<\/strong><\/p><p>Configuraci\u00f3n &gt; Opciones &gt; Avanzada &gt; Cookies<\/p><p><a href=\"http:\/\/help.opera.com\/Windows\/12.00\/es-ES\/cookies.html\">http:\/\/help.opera.com\/Windows\/12.00\/es-ES\/cookies.html<\/a><\/p><p> <\/p><p>Estos navegadores est\u00e1n sometidos a actualizaciones o modificaciones, por lo que no podemos garantizar que se ajusten por completo a la versi\u00f3n de su navegador. Tambi\u00e9n puede que utilice otro navegador no contemplado en estos enlaces como Konqueror, Arora, Flock, etc. Para evitar estos desajustes, puede acceder directamente desde las opciones de su navegador, generalmente en el men\u00fa de \u00abOpciones\u00bb en la secci\u00f3n de \u00abPrivacidad\u00bb.(Por favor, consulte la ayuda de su navegador para m\u00e1s informaci\u00f3n).<\/p><p> <\/p><p><strong>CAMBIOS EN LA PRESENTE POL\u00cdTICA DE COOKIES<\/strong><\/p><p><strong>PLURAL TECHNICS EPROJECTA, S.L.<\/strong> se reserva el derecho a modificar la presente pol\u00edtica para adaptarla a novedades legislativas o jurisprudenciales<\/p><p> <\/p><p><strong>Desactivaci\u00f3n\/activaci\u00f3n y eliminaci\u00f3n de cookies<\/strong><\/p><p>Para restringir o bloquear las cookies, se realiza a trav\u00e9s de la configuraci\u00f3n del navegador.<\/p><p>Si no desea que los sitios web pongan ninguna cookie en su equipo, puede adaptar la configuraci\u00f3n del navegador de forma que se le notifique antes de que se coloque ninguna cookie. Del mismo modo, puede adaptar la configuraci\u00f3n de forma que el navegador rechace todas las cookies, o \u00fanicamente las cookies de terceros. Tambi\u00e9n puede eliminar cualquiera de las cookies que ya se encuentren en su equipo. Recuerde que se deber\u00e1 adaptar por separado la configuraci\u00f3n de cada navegador y equipo que utilice.   <\/p><p>Recuerde que si no desea recibir cookies, ya no podremos garantizar que nuestro sitio web funcione como es debido. Puede que algunas funciones del sitio se pierdan y es posible que ya no pueda ver ciertos sitios web. Adem\u00e1s, rechazar las cookies no significa que ya no vaya a ver anuncios publicitarios. Simplemente, los anuncios no se ajustar\u00e1n a sus intereses y se repetir\u00e1n con mayor frecuencia.   <\/p><p>Cada navegador tiene un m\u00e9todo distinto para adaptar la configuraci\u00f3n. Si es necesario, consulte la funci\u00f3n de ayuda del navegador para establecer la configuraci\u00f3n correcta. <\/p><p>Para desactivar las cookies en el tel\u00e9fono m\u00f3vil, consulte el manual del dispositivo para obtener m\u00e1s informaci\u00f3n.<\/p><p>Puede obtener m\u00e1s informaci\u00f3n sobre las cookies en Internet, <a href=\"http:\/\/www.aboutcookies.org\/\">http:\/\/www.aboutcookies.org\/<\/a>.<\/p><p>Teniendo en cuenta la forma en la que funciona Internet y los sitios web, no siempre contamos con informaci\u00f3n de las cookies que colocan terceras partes a trav\u00e9s de nuestro sitio web. Esto se aplica especialmente a casos en los que nuestra p\u00e1gina web contiene lo que se denominan elementos integrados: textos, documentos, im\u00e1genes o breves pel\u00edculas que se almacenan en otra parte, pero se muestran en nuestro sitio web o mediante el mismo. <\/p><p>Por tanto, en caso de que se encuentre con este tipo de cookies en este sitio web y no est\u00e9n enumeradas en la lista anterior, le rogamos que nos lo comunique. O bien p\u00f3ngase en contacto directamente con el tercero para pedirle informaci\u00f3n sobre las cookies que coloca, la finalidad y la duraci\u00f3n de la cookie y c\u00f3mo ha garantizado su privacidad. <\/p><p> <\/p><p><strong>INFORMACI\u00d3N RELACIONADA CON EL TRATAMIENTO DE DATOS PERSONALES (ART. 13 RGPD)<\/strong><\/p><p> <\/p><p><strong>\u00bfQui\u00e9n es el responsable del tratamiento de sus datos personales?<\/strong><\/p><p><strong>PLURAL TECHNICS EPROJECTA, S.L.<\/strong> es el responsable del tratamiento de los datos personales que usted nos proporciona, situado en<strong> C\/ Miquel Servet (Pol. Ind. Bufalvent), 29 &#8211; 33, Nave 8<\/strong> y con CIF <strong>B66572827<\/strong>, y correo electr\u00f3nico de contacto <a href=\"mailto:administracio@eprojecta.cat\">administracio@eprojecta.cat<\/a>.<\/p><p> <\/p><p><strong>\u00bfPara qu\u00e9 utilizamos sus datos personales?<\/strong><\/p><p>La informaci\u00f3n recopilada a trav\u00e9s de las cookies propias (cookies de sesi\u00f3n y de entrada de usuario) se suelen utilizar para rastrear las acciones del usuario al rellenar los formularios online en varias p\u00e1ginas, o como cesta de la compra para realizar el seguimiento de los art\u00edculos que el usuario ha seleccionado al pulsar un bot\u00f3n, o para personalizar la interfaz del usuario al visitar la p\u00e1gina.<\/p><p>La informaci\u00f3n recopilada a trav\u00e9s de las cookies de terceros es la siguiente:<\/p><ul><li>A trav\u00e9s de las cookies anal\u00edticas, se analizan sus h\u00e1bitos de navegaci\u00f3n para mejorar los servicios prestados;<\/li><li>A trav\u00e9s de las cookies de comportamiento se recopila informaci\u00f3n sobre las preferencias del usuario para gestionar los espacios publicitarios de la forma m\u00e1s eficaz posible; y<\/li><li>A trav\u00e9s de las cookies publicitarias se mide el rendimiento de los anuncios y se proporcionan recomendaciones relativas a productos basados \u200b\u200ben datos estad\u00edsticos.<\/li><\/ul><p>Para ver exactamente el uso de las cookies vea el cuadro sobre el uso de las cookies en el presente documento.<\/p><p> <\/p><p><strong>\u00bfCu\u00e1l es la base legal para el tratamiento de sus datos personales?<\/strong><\/p><p>La legitimaci\u00f3n para el tratamiento de sus datos personales viene dada por su consentimiento, otorgado en el momento de ponerse en contacto con nosotros, para la utilizaci\u00f3n de cookies anal\u00edticas, de comportamiento y publicitarias; para las cookies de sesi\u00f3n o personalizaci\u00f3n, la legitimaci\u00f3n para el tratamiento viene dada por el inter\u00e9s leg\u00edtimo del prestamista (responsable del tratamiento).<\/p><p> <\/p><p><strong>\u00bfA qui\u00e9n comunicamos sus datos?<\/strong><\/p><p>No se ceder\u00e1n ni comunicar\u00e1n datos a terceros, salvo por obligaci\u00f3n legal oa los terceros indicados en el caso de uso de cookies gestionadas por \u00e9stos.<\/p><p> <\/p><p><strong>\u00bfCu\u00e1l es el plazo de conservaci\u00f3n de sus datos?<\/strong><\/p><p>El plazo de conservaci\u00f3n de los datos recogidos es el indicado en el cuadro sobre el uso de cookies en el presente documento.<\/p><p> <\/p><p><strong>\u00bfCu\u00e1les son sus derechos?<\/strong><\/p><p>Los derechos que amparan al usuario son los de acceso, rectificaci\u00f3n, supresi\u00f3n, portabilidad de \u00e9stos, retirada del consentimiento (sin que esto afecte a la licitud del tratamiento otorgado previamente a su retirada), oposici\u00f3n al tratamiento, limitaci\u00f3n (en determinadas circunstancias) y a presentar una reclamaci\u00f3n ante la autoridad de control (La Agencia Espa\u00f1ola de protecci\u00f3n de datos, www.aepd.es)<\/p><ul class=\"link-to-networks\"><li class=\"android-border-radius\"> <\/li><\/ul>\t\t\t\t\t\t\t\t<\/div>\n\t\t\t\t<\/div>\n\t\t\t\t<\/div>\n\t\t\t\t<\/div>\n\t\t\t\t\t<\/div>\n\t\t\t\t<\/div>\n\t\t\t\t<\/div>\n\t\t","protected":false},"excerpt":{"rendered":"<p>Somos una ingenier\u00eda especializada en proyectos industriales, terciarios y de acontecimientos. Combinamos rigor t\u00e9cnico, experiencia contrastada y capacidad de gesti\u00f3n para ofrecer soluciones integrales que garantizan seguridad, viabilidad y eficiencia. <\/p>\n","protected":false},"author":2,"featured_media":0,"parent":0,"menu_order":0,"comment_status":"closed","ping_status":"closed","template":"","meta":{"footnotes":""},"class_list":["post-989484","page","type-page","status-publish","hentry"],"_links":{"self":[{"href":"https:\/\/www.eprojecta.cat\/es\/wp-json\/wp\/v2\/pages\/989484","targetHints":{"allow":["GET"]}}],"collection":[{"href":"https:\/\/www.eprojecta.cat\/es\/wp-json\/wp\/v2\/pages"}],"about":[{"href":"https:\/\/www.eprojecta.cat\/es\/wp-json\/wp\/v2\/types\/page"}],"author":[{"embeddable":true,"href":"https:\/\/www.eprojecta.cat\/es\/wp-json\/wp\/v2\/users\/2"}],"replies":[{"embeddable":true,"href":"https:\/\/www.eprojecta.cat\/es\/wp-json\/wp\/v2\/comments?post=989484"}],"version-history":[{"count":1,"href":"https:\/\/www.eprojecta.cat\/es\/wp-json\/wp\/v2\/pages\/989484\/revisions"}],"predecessor-version":[{"id":989485,"href":"https:\/\/www.eprojecta.cat\/es\/wp-json\/wp\/v2\/pages\/989484\/revisions\/989485"}],"wp:attachment":[{"href":"https:\/\/www.eprojecta.cat\/es\/wp-json\/wp\/v2\/media?parent=989484"}],"curies":[{"name":"wp","href":"https:\/\/api.w.org\/{rel}","templated":true}]}}