{"id":989486,"date":"2026-04-09T09:59:37","date_gmt":"2026-04-09T09:59:37","guid":{"rendered":"https:\/\/www.eprojecta.cat\/proteccion-de-datos\/"},"modified":"2026-04-28T06:57:13","modified_gmt":"2026-04-28T06:57:13","slug":"proteccion-de-datos","status":"publish","type":"page","link":"https:\/\/www.eprojecta.cat\/es\/proteccion-de-datos\/","title":{"rendered":"Protecci\u00f3n de Datos"},"content":{"rendered":"\t\t<div data-elementor-type=\"wp-page\" data-elementor-id=\"989486\" class=\"elementor elementor-989486 elementor-988719\" data-elementor-post-type=\"page\">\n\t\t\t\t<div class=\"elementor-element elementor-element-193174e e-grid e-con-boxed e-con e-parent\" data-id=\"193174e\" data-element_type=\"container\" data-e-type=\"container\">\n\t\t\t\t\t<div class=\"e-con-inner\">\n\t\t<div class=\"elementor-element elementor-element-1ace34a e-con-full e-flex e-con e-child\" data-id=\"1ace34a\" data-element_type=\"container\" data-e-type=\"container\">\n\t\t\t\t<\/div>\n\t\t\t\t\t<\/div>\n\t\t\t\t<\/div>\n\t\t<div class=\"elementor-element elementor-element-7b18c60 e-flex e-con-boxed e-con e-child\" data-id=\"7b18c60\" data-element_type=\"container\" data-e-type=\"container\">\n\t\t\t\t\t<div class=\"e-con-inner\">\n\t\t<div class=\"elementor-element elementor-element-51f8428 e-con-full e-flex e-con e-child\" data-id=\"51f8428\" data-element_type=\"container\" data-e-type=\"container\">\n\t\t<div class=\"elementor-element elementor-element-69eab2a e-con-full e-flex e-con e-child\" data-id=\"69eab2a\" data-element_type=\"container\" data-e-type=\"container\">\n\t\t\t\t<div class=\"elementor-element elementor-element-994dd19 elementor-invisible elementor-widget-tablet__width-inherit animated-fast elementor-widget__width-initial elementor-widget elementor-widget-heading\" data-id=\"994dd19\" data-element_type=\"widget\" data-e-type=\"widget\" data-settings=\"{&quot;_animation&quot;:&quot;slideInUp&quot;,&quot;_animation_delay&quot;:50}\" data-widget_type=\"heading.default\">\n\t\t\t\t<div class=\"elementor-widget-container\">\n\t\t\t\t\t<h2 class=\"elementor-heading-title elementor-size-default\"><h2 class=\"elementor-heading-title elementor-size-default elementor-inline-editing pen\" data-elementor-setting-key=\"title\" data-pen-placeholder=\"Teclea aqu\u00ed...\">Protecci\u00f3n de Datos<\/h2><\/h2>\t\t\t\t<\/div>\n\t\t\t\t<\/div>\n\t\t\t\t<div class=\"vamtam-has-theme-widget-styles elementor-element elementor-element-cd41a56 elementor-invisible elementor-widget-tablet__width-inherit animated-fast elementor-widget elementor-widget-text-editor\" data-id=\"cd41a56\" data-element_type=\"widget\" data-e-type=\"widget\" data-settings=\"{&quot;_animation&quot;:&quot;fadeIn&quot;,&quot;_animation_delay&quot;:200}\" data-widget_type=\"text-editor.default\">\n\t\t\t\t<div class=\"elementor-widget-container\">\n\t\t\t\t\t\t\t\t\t<h5><strong>INTRODUCCI\u00d3N<\/strong><\/h5><p>Su privacidad es importante para nosotros, as\u00ed que mediante este documento le explicamos qu\u00e9 datos recogemos de los usuarios, c\u00f3mo los utilizamos y para qu\u00e9, entre otras indicaciones.<\/p><p>Para su informaci\u00f3n, nunca pediremos m\u00e1s informaci\u00f3n de la que realmente necesitaremos por los servicios requeridos; nunca la compartiremos con terceros, excepto por obligaci\u00f3n legal o previa autorizaci\u00f3n; y nunca utilizaremos sus datos para otra finalidad no indicada previamente.<\/p><p>Como usuarios, tendr\u00e1n que leer atentamente esta Pol\u00edtica de privacidad de forma regular y siempre que introduzca sus datos personales, ya que este documento puede sufrir modificaciones porque el prestamista puede modificar cualquier tipo de informaci\u00f3n que pudiera aparecer en la web para cumplir con la normativa o actualizar la pol\u00edtica, y sin que exista la obligaci\u00f3n de preavisar o poner en conocimiento de los usuarios estas obligaciones,<\/p><p> <\/p><h5><strong>RESPONSABLE DEL TRATAMIENTO:<\/strong><\/h5><ul><li>Identidad: <strong>PLURAL TECHNICS EPROJECTA, S.L.<\/strong> (tambi\u00e9n el prestamista)<\/li><li>NIF: <strong>B66572827<\/strong><\/li><li>Direcci\u00f3n postal: <strong>C\/ Miquel Servet (Pol. Ind. Bufalvent), 29 &#8211; 33, Nave 8, 08243, Manresa, Barcelona.<\/strong><\/li><li>Correo electr\u00f3nico: <a href=\"mailto:administracio@eprojecta.cat\">administracio@eprojecta.cat<\/a><\/li><\/ul><p> <\/p><p><strong>PLURAL TECHNICS EPROJECTA, S.L.<\/strong>, como responsable del sitio web, de conformidad con lo dispuesto en el Reglamento (UE) 2016\/679 de 27 de abril de 2016 (RGPD) relativo a la protecci\u00f3n de las personas f\u00edsicas en lo que se refiere al tratamiento de datos personales y a la libre circulaci\u00f3n de estos datos y el resto de normativa 1 de julio, de Servicios de la Sociedad de la Informaci\u00f3n y del Comercio Electr\u00f3nico (LSSICE), le informa que tiene implementadas las medidas de seguridad necesarias, de \u00edndole t\u00e9cnica y organizativas, para garantizar y proteger la confidencialidad, integridad y disponibilidad de los datos introducidos.<\/p><p> <\/p><h5><strong>M\u00c9TODO DE OBTENCI\u00d3N DE LOS DATOS y DATOS QUE RECOGEMOS:<\/strong><\/h5><p>Los datos que recogemos, la forma en que los obtenemos y la finalidad son los siguientes:<\/p><p><strong>&#8211; Formularios de contacto o requisito de la informaci\u00f3n:<\/strong><\/p><ul><li><strong>Datos requeridos:<\/strong> nombre, apellidos, correo electr\u00f3nico, tel\u00e9fono;<\/li><li><strong>Finalidad:<\/strong> para responder a las consultas o proporcionar informaciones requeridas por el Usuario;<\/li><li><strong>Legitimaci\u00f3n:<\/strong> consentimiento del Usuario<\/li><\/ul><p><strong>-Realizar la relaci\u00f3n contractual y las gestiones administrativas, fiscales y contables<\/strong>, an\u00e1logas y que sean necesarias en virtud de la legislaci\u00f3n vigente.<\/p><ul><li><strong>Datos requeridos:<\/strong> nombre y apellidos, tel\u00e9fono, direcci\u00f3n, DNI, correo electr\u00f3nico, firma, datos bancarios;<\/li><li><strong>Finalidad:<\/strong> llevar a cabo la prestaci\u00f3n de los servicios contratados y la gesti\u00f3n comercial, fiscal y administrativa interna;<\/li><li><strong>Legitimaci\u00f3n:<\/strong> relaci\u00f3n contractual.<\/li><\/ul><p><strong>-WhatsApp:<\/strong> En el apartado WhatsApp de la presente pol\u00edtica se detalla su uso.<\/p><p>Las fotograf\u00edas que est\u00e9n colgadas en la web son propiedad de <strong>PLURAL TECHNICS EPROJECTA, S.L.<\/strong><\/p><p>Puede revocar en cualquier momento su consentimiento remitiendo un escrito con el asunto \u00abBaja\u00bb en el email rese\u00f1ado arriba.<\/p><p>De acuerdo con LSSICE, <strong>PLURAL TECHNICS EPROJECTA, S.L.<\/strong> no realiza pr\u00e1cticas de SPAM, por tanto, no env\u00eda correos comerciales por e-mail que no hayan sido previamente solicitados o autorizados por el Usuario. En consecuencia, en todas las comunicaciones que recibir\u00e1 del prestamista, el usuario tiene la posibilidad de cancelar su consentimiento expreso para recibir nuestras comunicaciones. <\/p><p>No trataremos sus datos personales para ninguna otra finalidad de las descritas salvo por obligaci\u00f3n legal o requerimiento judicial.<\/p><p>No ser\u00e1 objeto de decisiones basadas en tratamientos automatizados que produzcan efectos sobre sus datos.<\/p><p> <\/p><h5><strong>PLAZO DE CONSERVACI\u00d3N DE LOS DATOS:<\/strong><\/h5><p>Sus datos se conservar\u00e1n mientras dure la relaci\u00f3n comercial con nosotros o ejerza su derecho de cancelaci\u00f3n u oposici\u00f3n, o limitaci\u00f3n al tratamiento. Sin embargo, conservaremos sus datos en los plazos legalmente previstos en las disposiciones aplicables. <\/p><p> <\/p><h5><strong>DESTINATARIOS DE CESIONES O TRANSFERENCIAS:<\/strong><\/h5><p><strong>PLURAL TECHNICS EPROJECTA, S.L.<\/strong> no lleva a cabo ninguna cesi\u00f3n o comunicaci\u00f3n de datos ni dentro ni fuera de la UE. El prestamista \u00fanicamente facilitar\u00e1 informaci\u00f3n a las fuerzas y cuerpos de seguridad bajo orden judicial o por obligaci\u00f3n de una norma legal, sin perjuicio de poder bloquear o cancelar su cuenta si puede haber indicios de la comisi\u00f3n de alg\u00fan delito por parte del usuario. La informaci\u00f3n facilitada ser\u00e1 solo la que disponga en ese momento el prestamista.  <\/p><p>La informaci\u00f3n que usted nos proporcione a trav\u00e9s de este sitio web ser\u00e1 alojada en los servidores de <strong>PLURAL TECHNICS EPROJECTA, S.L.<\/strong>, contratados en la empresa que presta el servicio de alojamiento de la web. El tratamiento de los datos de la entidad se encuentra regulado mediante un contrato de encargado del tratamiento entre el prestamista y esta empresa. En ning\u00fan caso, este encargado del tratamiento subcontratar\u00e1 servicios que comporten alg\u00fan tratamiento de datos por terceros sin nuestro previo consentimiento.  <\/p><p>Asimismo, el prestamista utiliza determinadas herramientas para prestar servicios necesarios para el desarrollo de la actividad, pudiendo almacenar sus datos. Estas herramientas son las siguientes: <\/p><p><strong>Google Analytics:<\/strong> para realizar un an\u00e1lisis y m\u00e9trica del uso que los usuarios hacen de la web a trav\u00e9s de las cookies. La informaci\u00f3n que generan y recopilan estas cookies sobre el uso (incluyendo la direcci\u00f3n IP) ser\u00e1 directamente transmitida y archivada por Google Inc., situada en Delaware, 1600 Amphitheatre Parkway, Mountain View (California), CA 94043 de Estados Unidos (\u00abGoogle\u00bb), en sus servidores de Estados Unidos. <\/p><p> <\/p><h5><strong>DERECHOS DE LAS PERSONAS INTERESADAS:<\/strong><\/h5><p>Como usuario-interesado, puede solicitar el ejercicio de los siguientes derechos ante <strong>PLURAL TECHNICS EPROJECTA, S.L.<\/strong> presentando un escrito a la direcci\u00f3n postal del encabezamiento o enviando un correo electr\u00f3nico a <a href=\"mailto:administracio@eprojecta.cat\">administracio@eprojecta.cat<\/a>, indicando como Asunto: \u00abPROTECCI\u00d3N DE DATOS: DERECHOS DE LOS AFECTADOS\u00bb.<\/p><p>Derechos:<\/p><ul><li><strong>Derecho de acceso:<\/strong> permite al interesado conocer y obtener informaci\u00f3n sobre sus datos de car\u00e1cter personal sometidos a tratamiento.<\/li><li><strong>Derecho de rectificaci\u00f3n:<\/strong> permite corregir errores y modificar los datos que resulten ser inexactos o incompletos.<\/li><li><strong>Derecho de supresi\u00f3n:<\/strong> permite que se supriman los datos que sean inadecuados o excesivos.<\/li><li><strong>Derecho de oposici\u00f3n:<\/strong> derecho del interesado a que no se lleve a cabo el tratamiento de sus datos de car\u00e1cter personal o se cese en el mismo.<\/li><li><strong>Limitaci\u00f3n del tratamiento:<\/strong> comporta el marcado de los datos personales conservados, con el fin de limitar su futuro tratamiento, para el ejercicio o defensa de reclamaciones.<\/li><li><strong>Portabilidad de los datos:<\/strong> facilitaci\u00f3n de los datos objeto de tratamiento al interesado, a fin de que \u00e9ste pueda transmitir a otro responsable, sin impedimentos.<\/li><li><strong>Derecho a no ser objeto de decisiones individuales automatizadas (incluida la elaboraci\u00f3n de perfiles):<\/strong> derecho a no ser objeto de una decisi\u00f3n basada en el tratamiento automatizado que produzca efectos o afecte significativamente.<\/li><\/ul><p>Como usuario, tiene derecho a retirar el consentimiento dado en cualquier momento. La retirada del consentimiento no afectar\u00e1 a la licitud del tratamiento efectuado antes de la retirada del consentimiento. <\/p><p>Tambi\u00e9n tiene derecho a presentar una reclamaci\u00f3n ante la autoridad de control si considera que pueden haberse visto vulnerados sus derechos en relaci\u00f3n con la protecci\u00f3n de sus datos (<a href=\"http:\/\/www.aepd.es\/es\">aepd.es<\/a>).<\/p><p> <\/p><h2><strong>INFORMACI\u00d3N ADICIONAL:<\/strong><\/h2><p> <\/p><h5><strong>MEDIDAS DE SEGURIDAD<\/strong><\/h5><p>Los datos que nos facilite se tratar\u00e1n de forma confidencial. El prestamista ha adoptado todas las medidas t\u00e9cnicas y organizativas y todos los niveles de protecci\u00f3n necesarios para garantizar la seguridad en el tratamiento de los datos y evitar su alteraci\u00f3n, p\u00e9rdida, robo, tratamiento o acceso no autorizado, de acuerdo con el estado de la tecnolog\u00eda y la naturaleza de los datos almacenados. Asimismo, se garantiza tambi\u00e9n que el tratamiento y registro en ficheros, programas, sistemas o equipos, locales y centros cumplen con los requisitos y condiciones de integridad y seguridad establecidas en la normativa vigente.  <\/p><p> <\/p><h5><strong>IDIOMA<\/strong><\/h5><p>El idioma aplicable a esa pol\u00edtica de privacidad es el catal\u00e1n. Por tanto, en caso de que hubiera alguna contradicci\u00f3n en alguna de las versiones facilitadas en otros idiomas, prevalecer\u00e1 la versi\u00f3n en castellano. <\/p><p> <\/p><h5><strong>REDES SOCIALES<\/strong><\/h5><p>Le informamos que <strong>PLURAL TECHNICS EPROJECTA, S.L.<\/strong> puede tener presencia en redes sociales. El tratamiento de los datos que se lleve a cabo de las personas que se hagan seguidoras en las redes sociales (o realicen cualquier v\u00ednculo o acci\u00f3n de conexi\u00f3n a trav\u00e9s de las redes sociales) de las p\u00e1ginas oficiales de <strong>PLURAL TECHNICS EPROJECTA, S.L.<\/strong> se regir\u00e1 por este apartado, as\u00ed como por aquellas condiciones de uso, pol\u00edticas de privacidad y normativas de acceso que pertenezcan a la red social que proceda en cada caso y aceptadas previamente por el usuario. <\/p><p><strong>PLURAL TECHNICS EPROJECTA, S.L.<\/strong> tratar\u00e1 sus datos con los fines de administrar correctamente su presencia en la red social, informando de actividades, productos o servicios del prestamista, as\u00ed como para cualquier otra finalidad que las normativas de las Redes Sociales permitan.<\/p><p>Queda prohibida la publicaci\u00f3n de contenidos:<\/p><ul><li>Que sean presuntamente il\u00edcitos por la normativa nacional, comunitaria o internacional o que cumplan actividades presuntamente il\u00edcitas o contravengan los principios de la buena fe.<\/li><li>Que atenten contra los derechos fundamentales de las personas, falten a la cortes\u00eda dentro de la red, molesten o puedan generar opiniones negativas de nuestros usuarios o terceros y en general cualquier contenido que <strong>PLURAL TECHNICS EPROJECTA, S.L.<\/strong> considere inapropiados.<\/li><li>Y en general que contravengan los principios de legalidad, honradez, responsabilidad, protecci\u00f3n de la dignidad humana, protecci\u00f3n de menores, protecci\u00f3n del orden p\u00fablico, la protecci\u00f3n de la vida privada, la protecci\u00f3n del consumidor y los derechos de propiedad intelectual e industrial.<\/li><\/ul><p>Asimismo, <strong>PLURAL TECHNICS EPROJECTA, S.L.<\/strong> se reserva la potestad de retirar, sin previo aviso, del sitio web o de la red social corporativa aquellos contenidos que se consideren inadecuados.<\/p><p>En cualquier caso, s\u00ed usted. Remite informaci\u00f3n personal a trav\u00e9s de la red social, <strong>PLURAL TECHNICS EPROJECTA, S.L.<\/strong> quedar\u00e1 exento de responsabilidad en relaci\u00f3n con las medidas de seguridad aplicables a la presente plataforma y el usuario, en caso de querer conocerlas, debe consultar las correspondientes condiciones particulares de la red en cuesti\u00f3n. <\/p><p> <\/p><h5><strong>REMARKETING Y RETARGETTING<\/strong><\/h5><p>El remarketing es un sistema que permite crear anuncios adaptados o personalizados por los usuarios que previamente visitaron nuestra p\u00e1gina web. Se trata de una soluci\u00f3n asociada a Google Adwords con el objetivo de conseguir una mejor rentabilidad de la inversi\u00f3n (ROI). El Remarketing inserta una cookie en el ordenador del usuario y en los sites afiliados a Google Adsense con anuncios gr\u00e1ficos se muestre un banner del prestamista.  <\/p><p>El retargetting es la t\u00e9cnica que se utiliza para mostrar, en otras webs gracias a un sistema de tracking, anuncios gr\u00e1ficos a un usuario que ha abandonado nuestro site sin completar un proceso que dese\u00e1bamos que terminara (registro, compra, solicitud, etc.), estos anuncios deber\u00edan estar principalmente orientados a la conversi\u00f3n del objetivo del objetivo.<\/p><p>La informaci\u00f3n que recopilamos gracias a estas funciones es recogida por las cookies de Meta, X, Doubleclick, Google ADWORD. Puede conocer los datos que recopilan estas cookies en las siguientes pol\u00edticas de privacidad de cada servicio: <\/p><ul><li><a href=\"https:\/\/ca-es.facebook.com\/msqrd\/privacy\">Meta<\/a><\/li><li><a href=\"https:\/\/twitter.com\/es\/privacy\/previous\/version_12\">\u201cX\u201d<\/a><\/li><li><a href=\"https:\/\/policies.google.com\/privacy?hl=es\">Doubleclick<\/a><\/li><li><a href=\"https:\/\/support.google.com\/adspolicy\/answer\/6008942?hl=es\">Google Adword<\/a><\/li><\/ul><p>Si no desea que esta informaci\u00f3n sea recopilada por estas cookies, inhabilite el uso de cookies de Google a trav\u00e9s de la configuraci\u00f3n de anuncios de Google. Tambi\u00e9n puede desactivar el uso de cookies de un proveedor tercero a trav\u00e9s de la p\u00e1gina de inhabilitaci\u00f3n de Network Advertising Initiative. <\/p><p> <\/p><p>Este tipo de servicio permite interactuar con redes sociales u otras plataformas externas. Las interacciones y la informaci\u00f3n obtenida por el prestamista siempre estar\u00e1n sometidas a la configuraci\u00f3n de privacidad del usuario en cada red social. En caso de que se instale un servicio que permita interactuar con redes sociales es posible que, aunque los usuarios no utilicen el servicio, \u00e9ste recoja datos de tr\u00e1fico web, relativos a las p\u00e1ginas en las que est\u00e9n instalados.  <\/p><p> <\/p><h5><strong>GOOGLE ADWORDS<\/strong><\/h5><p>Adwords es una plataforma de Google destinada a los ANUNCIANTES que quieren publicitarse en GOOGLE. El prestamista usa Google Adwords, que es la plataforma de publicidad de Google. \u00c9sta permite crear campa\u00f1as y anuncios para mostrarlos en otras p\u00e1ginas web. Al generar un anuncio, se puede segmentar el p\u00fablico por:   <\/p><ol><li>Lugar<\/li><li>Datos demogr\u00e1ficos (edad, sexo, etc.)<\/li><li>Intereses (actividades, aficiones, etc.)<\/li><li>Lo que compran en internet y por otros canales.<\/li><li>Etc.<\/li><\/ol><p>Desde el momento en que el usuario deja sus datos en el formulario habilitado para unirse al bolet\u00edn de suscripciones, los datos obtenidos a trav\u00e9s de Google Adwords est\u00e1n sujetos a esta pol\u00edtica de privacidad. En ning\u00fan caso se utilizar\u00e1 la informaci\u00f3n procedente de Google con una finalidad distinta. <\/p><p>El prestamista podr\u00e1 seleccionar y publicar testimonios de clientes en los Servicios. Estos testimonios pueden contener informaci\u00f3n de identificaci\u00f3n personal, como su nombre o ciudad, estado o pa\u00eds en el que vive. Si desea que se elimine o borre su nombre o testimonio de la web, deber\u00e1 comunicarse con el prestamista con los datos de contacto supra rese\u00f1ados. [AP2]   <\/p><p> <\/p><h5><strong>WHATSAPP<\/strong><\/h5><p>El tratamiento de los datos que se lleven a cabo de las personas que realicen una consulta a trav\u00e9s de WhatsApp de <strong>PLURAL TECHNICS EPROJECTA, S.L.<\/strong> se regir\u00e1 por este apartado, as\u00ed como aquellas condiciones de uso, pol\u00edticas de privacidad y normativas de acceso que pertenezcan a la aplicaci\u00f3n que procedan en cada caso y previamente aceptadas por el usuario.<strong> PLURAL TECHNICS EPROJECTA, S.L.<\/strong>, tratar\u00e1 sus datos con el fin de administrar correctamente su consulta, as\u00ed como cualquier otra finalidad de la gesti\u00f3n administrativa del servicio. Sus datos se comparten con WhatsApp Ireland Limited, cuyas medidas de seguridad t\u00e9cnicas aseguran la confidencialidad, integridad y disponibilidad de su informaci\u00f3n, seg\u00fan indica su propia pol\u00edtica de privacidad. No se prev\u00e9n m\u00e1s cesiones, salvo por obligaci\u00f3n legal o requerimiento judicial. Sus datos se conservar\u00e1n mientras dure la finalidad para la que se han obtenido y, una vez ya no sean necesarios, se mantendr\u00e1n debidamente bloqueadas, archivadas y conservadas durante el tiempo legalmente establecido. Queda prohibido el uso del WhatsApp de <strong>PLURAL TECHNICS EPROJECTA, S.L.<\/strong> para el env\u00edo de contenidos que no sean los necesarios para la respuesta a la consulta y que sean il\u00edcitos por la normativa nacional o internacional que atente contra los derechos fundamentales de las personas y en general que contravengan los principios de legalidad, honradez, responsabilidad, protecci\u00f3n de la vida privada, la protecci\u00f3n del consumidor y los derechos de propiedad intelectual e industrial.    <\/p><p> <\/p><h5><strong>CAMBIOS EN LA PRESENTE POL\u00cdTICA DE PRIVACIDAD<\/strong><\/h5><p><strong>PLURAL TECHNICS EPROJECTA, S.L.<\/strong> se reserva el derecho a modificar la presente pol\u00edtica para adaptarla a novedades legislativas o jurisprudenciales.<\/p><p> <\/p><h5><strong>REVOCABILIDAD<\/strong><\/h5><p>El consentimiento prestado, tanto por el tratamiento como por la cesi\u00f3n de los datos de los interesados, es revocable en cualquier momento comunic\u00e1ndolo a <strong>PLURAL TECHNICS EPROJECTA, S.L.<\/strong> en los t\u00e9rminos establecidos en esta Pol\u00edtica para el ejercicio de los derechos. Esta revocaci\u00f3n en ning\u00fan caso tendr\u00e1 car\u00e1cter retroactivo. <\/p><p> <\/p><h5><strong>LEGISLACI\u00d3N<\/strong><\/h5><p>Con car\u00e1cter general, las relaciones entre <strong>PLURAL TECHNICS EPROJECTA, S.L.<\/strong> con los Usuarios de sus servicios telem\u00e1ticos, presentes en esta web, est\u00e1n sometidos a la legislaci\u00f3n y jurisdicci\u00f3n espa\u00f1ola a la que expresamente se someten las partes, siendo competentes para la resoluci\u00f3n de todos los conflictos derivados o relacionados con su uso, los Juzgados y Tribunales de Manresa.<\/p>\t\t\t\t\t\t\t\t<\/div>\n\t\t\t\t<\/div>\n\t\t\t\t<\/div>\n\t\t\t\t<\/div>\n\t\t\t\t\t<\/div>\n\t\t\t\t<\/div>\n\t\t\t\t<\/div>\n\t\t","protected":false},"excerpt":{"rendered":"<p>Somos una ingenier\u00eda especializada en proyectos industriales, terciarios y de acontecimientos. Combinamos rigor t\u00e9cnico, experiencia contrastada y capacidad de gesti\u00f3n para ofrecer soluciones integrales que garantizan seguridad, viabilidad y eficiencia. <\/p>\n","protected":false},"author":2,"featured_media":0,"parent":0,"menu_order":0,"comment_status":"closed","ping_status":"closed","template":"","meta":{"footnotes":""},"class_list":["post-989486","page","type-page","status-publish","hentry"],"_links":{"self":[{"href":"https:\/\/www.eprojecta.cat\/es\/wp-json\/wp\/v2\/pages\/989486","targetHints":{"allow":["GET"]}}],"collection":[{"href":"https:\/\/www.eprojecta.cat\/es\/wp-json\/wp\/v2\/pages"}],"about":[{"href":"https:\/\/www.eprojecta.cat\/es\/wp-json\/wp\/v2\/types\/page"}],"author":[{"embeddable":true,"href":"https:\/\/www.eprojecta.cat\/es\/wp-json\/wp\/v2\/users\/2"}],"replies":[{"embeddable":true,"href":"https:\/\/www.eprojecta.cat\/es\/wp-json\/wp\/v2\/comments?post=989486"}],"version-history":[{"count":1,"href":"https:\/\/www.eprojecta.cat\/es\/wp-json\/wp\/v2\/pages\/989486\/revisions"}],"predecessor-version":[{"id":989487,"href":"https:\/\/www.eprojecta.cat\/es\/wp-json\/wp\/v2\/pages\/989486\/revisions\/989487"}],"wp:attachment":[{"href":"https:\/\/www.eprojecta.cat\/es\/wp-json\/wp\/v2\/media?parent=989486"}],"curies":[{"name":"wp","href":"https:\/\/api.w.org\/{rel}","templated":true}]}}